{"id":139,"date":"2022-09-27T09:55:31","date_gmt":"2022-09-27T09:55:31","guid":{"rendered":"https:\/\/alwaysmind.se\/?page_id=139"},"modified":"2023-02-21T16:13:57","modified_gmt":"2023-02-21T16:13:57","slug":"tala","status":"publish","type":"page","link":"https:\/\/alwaysmind.se\/en\/tala\/","title":{"rendered":"SPEAK"},"content":{"rendered":"<p>[et_pb_section fb_built=&#8221;1&#8243; admin_label=&#8221;TBVS &#8211; Light &#8211; Header 13&#8243; module_class=&#8221;tbvs-section-light&#8221; _builder_version=&#8221;4.16&#8243; _module_preset=&#8221;default&#8221; min_height=&#8221;90vh&#8221; custom_padding=&#8221;30px|||||&#8221; custom_css_main_element=&#8221;display: flex;||flex-direction: column;||justify-content: center;&#8221; global_colors_info=&#8221;{}&#8221;][et_pb_row _builder_version=&#8221;4.16&#8243; _module_preset=&#8221;default&#8221; max_width=&#8221;750px&#8221; custom_margin=&#8221;0px||0px||true|false&#8221; global_colors_info=&#8221;{}&#8221;][et_pb_column type=&#8221;4_4&#8243; _builder_version=&#8221;4.16&#8243; _module_preset=&#8221;default&#8221; global_colors_info=&#8221;{}&#8221;][et_pb_image src=&#8221;https:\/\/alwaysmind.se\/wp-content\/uploads\/2022\/09\/Tala.jpg&#8221; title_text=&#8221;Tala&#8221; _builder_version=&#8221;4.18.0&#8243; _module_preset=&#8221;default&#8221; border_radii=&#8221;on|20px|20px|20px|20px&#8221; box_shadow_style=&#8221;preset3&#8243; global_colors_info=&#8221;{}&#8221;][\/et_pb_image][\/et_pb_column][\/et_pb_row][et_pb_row module_class=&#8221;tbvs-inline-button-center&#8221; _builder_version=&#8221;4.18.0&#8243; _module_preset=&#8221;default&#8221; max_width=&#8221;750px&#8221; custom_margin=&#8221;0px||0px||true|false&#8221; global_colors_info=&#8221;{}&#8221;][et_pb_column type=&#8221;4_4&#8243; _builder_version=&#8221;4.16&#8243; _module_preset=&#8221;default&#8221; global_colors_info=&#8221;{}&#8221;][et_pb_text _builder_version=&#8221;4.18.0&#8243; _module_preset=&#8221;default&#8221; header_font=&#8221;Barlow Condensed|700||on|||||&#8221; header_text_color=&#8221;#181818&#8243; header_font_size=&#8221;80px&#8221; header_letter_spacing=&#8221;-2px&#8221; header_line_height=&#8221;1.1em&#8221; text_orientation=&#8221;center&#8221; custom_margin=&#8221;||14px||false|false&#8221; global_colors_info=&#8221;{}&#8221;]<\/p>\n<h1 style=\"text-align: center;\">TALA<\/h1>\n<p>[\/et_pb_text][et_pb_text _builder_version=&#8221;4.18.0&#8243; _module_preset=&#8221;default&#8221; text_font=&#8221;Barlow Condensed||||||||&#8221; text_text_color=&#8221;#000000&#8243; text_font_size=&#8221;36px&#8221; text_letter_spacing=&#8221;-1px&#8221; text_line_height=&#8221;1.2em&#8221; header_3_font=&#8221;Montserrat|800|||||||&#8221; header_3_text_color=&#8221;#181818&#8243; header_3_font_size=&#8221;20px&#8221; header_3_line_height=&#8221;1.1em&#8221; text_orientation=&#8221;center&#8221; custom_margin=&#8221;||33px||false|false&#8221; custom_padding=&#8221;0px||0px||false|false&#8221; global_colors_info=&#8221;{}&#8221;]<\/p>\n<p style=\"text-align: center;\">Om det \u00e4r du sj\u00e4lv som inte m\u00e5r bra \u2013 f\u00f6rs\u00f6k ber\u00e4tta!<span class=\"Apple-converted-space\">\u00a0<\/span><\/p>\n<p>[\/et_pb_text][et_pb_text _builder_version=&#8221;4.18.0&#8243; _module_preset=&#8221;default&#8221; text_font=&#8221;Open Sans||||||||&#8221; text_text_color=&#8221;#333333&#8243; text_font_size=&#8221;16px&#8221; width=&#8221;100%&#8221; module_alignment=&#8221;center&#8221; min_height=&#8221;283px&#8221; global_colors_info=&#8221;{}&#8221;]<\/p>\n<p>Om du upplever att du inte m\u00e5r bra beh\u00f6ver du dela med dig till n\u00e5gon. Varf\u00f6r? Jo, f\u00f6r \u00e4ven om upplevelsen \u00e4r oerh\u00f6rt stark f\u00f6r dig kan den samtidigt te sig otydlig f\u00f6r andra. Tyv\u00e4rr. Det finns inte alltid en direkt korrelation mellan din insida och utsida. Det \u00e4r d\u00e4rf\u00f6r dina ord beh\u00f6vs. Oavsett om det \u00e4r ett m\u00f6rker, en sm\u00e4rta, tomhet, vilsenhet eller ledsamhet som du b\u00e4r inom dig, s\u00e5 beh\u00f6ver det som du \u00e4r med om f\u00e5 komma ut.<span class=\"Apple-converted-space\">\u00a0<\/span><\/p>\n<p>Du kanske inte kan ber\u00e4tta allt det du k\u00e4nner eller inte k\u00e4nner. Du kanske inte ens sj\u00e4lv vet exakt vad det \u00e4r som h\u00e4nder i dig? Men om du kan uppmuntra dig sj\u00e4lv till att finna modet, orken och orden att dela med dig av en liten del av din situation, s\u00e5 har du givit dig sj\u00e4lv o\u00e4ndligt mycket b\u00e4ttre f\u00f6ruts\u00e4ttningar att f\u00e5 hj\u00e4lp. Och du ger din omgivning chansen att f\u00e5 hj\u00e4lpa dig.<span class=\"Apple-converted-space\">\u00a0<\/span><\/p>\n<p>F\u00f6r hj\u00e4lp finns n\u00e4r omgivningen f\u00f6rst\u00e5r. Du \u00e4r inte ensam.<span class=\"Apple-converted-space\">\u00a0<\/span><\/p>\n<p>[\/et_pb_text][et_pb_button button_url=&#8221;https:\/\/alwaysmind.se\/har-finns-hjalp\/&#8221; button_text=&#8221;H\u00e4r finns hj\u00e4lp&#8221; button_alignment=&#8221;center&#8221; _builder_version=&#8221;4.19.0&#8243; _module_preset=&#8221;default&#8221; custom_button=&#8221;on&#8221; button_text_size=&#8221;14px&#8221; button_text_color=&#8221;#FFFFFF&#8221; button_bg_color=&#8221;#cf639d&#8221; button_border_width=&#8221;0px&#8221; button_border_color=&#8221;#0000FF&#8221; button_border_radius=&#8221;5px&#8221; button_letter_spacing=&#8221;0px&#8221; button_font=&#8221;Roboto|700||on|||||&#8221; button_use_icon=&#8221;off&#8221; custom_margin=&#8221;60px||||false|false&#8221; custom_padding=&#8221;12px|30px|12px|30px|true|true&#8221; box_shadow_style=&#8221;preset1&#8243; global_colors_info=&#8221;{}&#8221; button_bg_color__hover_enabled=&#8221;on|desktop&#8221; button_bg_color__hover=&#8221;#181818&#8243; button_bg_enable_color__hover=&#8221;on&#8221; button_border_color__hover_enabled=&#8221;on|desktop&#8221; button_border_color__hover=&#8221;#181818&#8243;][\/et_pb_button][\/et_pb_column][\/et_pb_row][\/et_pb_section]<\/p>\n","protected":false},"excerpt":{"rendered":"<p>TALAOm det \u00e4r du sj\u00e4lv som inte m\u00e5r bra \u2013 f\u00f6rs\u00f6k ber\u00e4tta!\u00a0Om du upplever att du inte m\u00e5r bra beh\u00f6ver du dela med dig till n\u00e5gon. Varf\u00f6r? Jo, f\u00f6r \u00e4ven om upplevelsen \u00e4r oerh\u00f6rt stark f\u00f6r dig kan den samtidigt te sig otydlig f\u00f6r andra. Tyv\u00e4rr. Det finns inte alltid en direkt korrelation mellan din [&hellip;]<\/p>\n","protected":false},"author":1,"featured_media":0,"parent":0,"menu_order":0,"comment_status":"closed","ping_status":"closed","template":"","meta":{"_et_pb_use_builder":"on","_et_pb_old_content":"","_et_gb_content_width":"","footnotes":""},"class_list":["post-139","page","type-page","status-publish","hentry"],"yoast_head":"<!-- This site is optimized with the Yoast SEO plugin v27.4 - https:\/\/yoast.com\/product\/yoast-seo-wordpress\/ -->\n<title>TALA - Always Mind<\/title>\n<meta name=\"robots\" content=\"index, follow, max-snippet:-1, max-image-preview:large, max-video-preview:-1\" \/>\n<link rel=\"canonical\" href=\"https:\/\/alwaysmind.se\/en\/tala\/\" \/>\n<meta property=\"og:locale\" content=\"en_GB\" \/>\n<meta property=\"og:type\" content=\"article\" \/>\n<meta property=\"og:title\" content=\"TALA - Always Mind\" \/>\n<meta property=\"og:description\" content=\"TALAOm det \u00e4r du sj\u00e4lv som inte m\u00e5r bra \u2013 f\u00f6rs\u00f6k ber\u00e4tta!\u00a0Om du upplever att du inte m\u00e5r bra beh\u00f6ver du dela med dig till n\u00e5gon. Varf\u00f6r? Jo, f\u00f6r \u00e4ven om upplevelsen \u00e4r oerh\u00f6rt stark f\u00f6r dig kan den samtidigt te sig otydlig f\u00f6r andra. Tyv\u00e4rr. Det finns inte alltid en direkt korrelation mellan din [&hellip;]\" \/>\n<meta property=\"og:url\" content=\"https:\/\/alwaysmind.se\/en\/tala\/\" \/>\n<meta property=\"og:site_name\" content=\"Always Mind\" \/>\n<meta property=\"article:modified_time\" content=\"2023-02-21T16:13:57+00:00\" \/>\n<meta name=\"twitter:card\" content=\"summary_large_image\" \/>\n<meta name=\"twitter:label1\" content=\"Estimated reading time\" \/>\n\t<meta name=\"twitter:data1\" content=\"3 minutes\" \/>\n<script type=\"application\/ld+json\" class=\"yoast-schema-graph\">{\"@context\":\"https:\\\/\\\/schema.org\",\"@graph\":[{\"@type\":\"WebPage\",\"@id\":\"https:\\\/\\\/alwaysmind.se\\\/tala\\\/\",\"url\":\"https:\\\/\\\/alwaysmind.se\\\/tala\\\/\",\"name\":\"TALA - Always Mind\",\"isPartOf\":{\"@id\":\"https:\\\/\\\/alwaysmind.se\\\/#website\"},\"datePublished\":\"2022-09-27T09:55:31+00:00\",\"dateModified\":\"2023-02-21T16:13:57+00:00\",\"breadcrumb\":{\"@id\":\"https:\\\/\\\/alwaysmind.se\\\/tala\\\/#breadcrumb\"},\"inLanguage\":\"en-GB\",\"potentialAction\":[{\"@type\":\"ReadAction\",\"target\":[\"https:\\\/\\\/alwaysmind.se\\\/tala\\\/\"]}]},{\"@type\":\"BreadcrumbList\",\"@id\":\"https:\\\/\\\/alwaysmind.se\\\/tala\\\/#breadcrumb\",\"itemListElement\":[{\"@type\":\"ListItem\",\"position\":1,\"name\":\"Hem\",\"item\":\"https:\\\/\\\/alwaysmind.se\\\/\"},{\"@type\":\"ListItem\",\"position\":2,\"name\":\"TALA\"}]},{\"@type\":\"WebSite\",\"@id\":\"https:\\\/\\\/alwaysmind.se\\\/#website\",\"url\":\"https:\\\/\\\/alwaysmind.se\\\/\",\"name\":\"Always Mind\",\"description\":\"Psykisk h\u00e4lsa hela \u00e5ret\",\"potentialAction\":[{\"@type\":\"SearchAction\",\"target\":{\"@type\":\"EntryPoint\",\"urlTemplate\":\"https:\\\/\\\/alwaysmind.se\\\/?s={search_term_string}\"},\"query-input\":{\"@type\":\"PropertyValueSpecification\",\"valueRequired\":true,\"valueName\":\"search_term_string\"}}],\"inLanguage\":\"en-GB\"}]}<\/script>\n<!-- \/ Yoast SEO plugin. -->","yoast_head_json":{"title":"TALA - Always Mind","robots":{"index":"index","follow":"follow","max-snippet":"max-snippet:-1","max-image-preview":"max-image-preview:large","max-video-preview":"max-video-preview:-1"},"canonical":"https:\/\/alwaysmind.se\/en\/tala\/","og_locale":"en_GB","og_type":"article","og_title":"TALA - Always Mind","og_description":"TALAOm det \u00e4r du sj\u00e4lv som inte m\u00e5r bra \u2013 f\u00f6rs\u00f6k ber\u00e4tta!\u00a0Om du upplever att du inte m\u00e5r bra beh\u00f6ver du dela med dig till n\u00e5gon. Varf\u00f6r? Jo, f\u00f6r \u00e4ven om upplevelsen \u00e4r oerh\u00f6rt stark f\u00f6r dig kan den samtidigt te sig otydlig f\u00f6r andra. Tyv\u00e4rr. Det finns inte alltid en direkt korrelation mellan din [&hellip;]","og_url":"https:\/\/alwaysmind.se\/en\/tala\/","og_site_name":"Always Mind","article_modified_time":"2023-02-21T16:13:57+00:00","twitter_card":"summary_large_image","twitter_misc":{"Estimated reading time":"3 minutes"},"schema":{"@context":"https:\/\/schema.org","@graph":[{"@type":"WebPage","@id":"https:\/\/alwaysmind.se\/tala\/","url":"https:\/\/alwaysmind.se\/tala\/","name":"TALA - Always Mind","isPartOf":{"@id":"https:\/\/alwaysmind.se\/#website"},"datePublished":"2022-09-27T09:55:31+00:00","dateModified":"2023-02-21T16:13:57+00:00","breadcrumb":{"@id":"https:\/\/alwaysmind.se\/tala\/#breadcrumb"},"inLanguage":"en-GB","potentialAction":[{"@type":"ReadAction","target":["https:\/\/alwaysmind.se\/tala\/"]}]},{"@type":"BreadcrumbList","@id":"https:\/\/alwaysmind.se\/tala\/#breadcrumb","itemListElement":[{"@type":"ListItem","position":1,"name":"Hem","item":"https:\/\/alwaysmind.se\/"},{"@type":"ListItem","position":2,"name":"TALA"}]},{"@type":"WebSite","@id":"https:\/\/alwaysmind.se\/#website","url":"https:\/\/alwaysmind.se\/","name":"Always Mind","description":"Psykisk h\u00e4lsa hela \u00e5ret","potentialAction":[{"@type":"SearchAction","target":{"@type":"EntryPoint","urlTemplate":"https:\/\/alwaysmind.se\/?s={search_term_string}"},"query-input":{"@type":"PropertyValueSpecification","valueRequired":true,"valueName":"search_term_string"}}],"inLanguage":"en-GB"}]}},"_links":{"self":[{"href":"https:\/\/alwaysmind.se\/en\/wp-json\/wp\/v2\/pages\/139","targetHints":{"allow":["GET"]}}],"collection":[{"href":"https:\/\/alwaysmind.se\/en\/wp-json\/wp\/v2\/pages"}],"about":[{"href":"https:\/\/alwaysmind.se\/en\/wp-json\/wp\/v2\/types\/page"}],"author":[{"embeddable":true,"href":"https:\/\/alwaysmind.se\/en\/wp-json\/wp\/v2\/users\/1"}],"replies":[{"embeddable":true,"href":"https:\/\/alwaysmind.se\/en\/wp-json\/wp\/v2\/comments?post=139"}],"version-history":[{"count":5,"href":"https:\/\/alwaysmind.se\/en\/wp-json\/wp\/v2\/pages\/139\/revisions"}],"predecessor-version":[{"id":822,"href":"https:\/\/alwaysmind.se\/en\/wp-json\/wp\/v2\/pages\/139\/revisions\/822"}],"wp:attachment":[{"href":"https:\/\/alwaysmind.se\/en\/wp-json\/wp\/v2\/media?parent=139"}],"curies":[{"name":"wp","href":"https:\/\/api.w.org\/{rel}","templated":true}]}}