{"id":23,"date":"2022-09-13T15:20:01","date_gmt":"2022-09-13T15:20:01","guid":{"rendered":"https:\/\/alwaysmind.se\/?page_id=23"},"modified":"2026-01-05T15:52:12","modified_gmt":"2026-01-05T14:52:12","slug":"om-always-mind","status":"publish","type":"page","link":"https:\/\/alwaysmind.se\/en\/om-always-mind\/","title":{"rendered":"ABOUT ALWAYS MIND"},"content":{"rendered":"<p>[et_pb_section fb_built=&#8221;1&#8243; admin_label=&#8221;TBVS &#8211; Light &#8211; Header 13&#8243; module_class=&#8221;tbvs-section-light&#8221; _builder_version=&#8221;4.16&#8243; _module_preset=&#8221;default&#8221; min_height=&#8221;90vh&#8221; custom_padding=&#8221;30px|||||&#8221; custom_css_main_element=&#8221;display: flex;||flex-direction: column;||justify-content: center;&#8221; global_colors_info=&#8221;{}&#8221;][et_pb_row module_class=&#8221;tbvs-inline-button-center&#8221; _builder_version=&#8221;4.18.0&#8243; _module_preset=&#8221;default&#8221; max_width=&#8221;750px&#8221; custom_margin=&#8221;16px|auto|16px|auto|true|false&#8221; custom_padding=&#8221;||14px|||&#8221; global_colors_info=&#8221;{}&#8221;][et_pb_column type=&#8221;4_4&#8243; _builder_version=&#8221;4.16&#8243; _module_preset=&#8221;default&#8221; pac_dcm_carousel_specific_module_num=&#8221;0&#8243; global_colors_info=&#8221;{}&#8221;][et_pb_text _builder_version=&#8221;4.18.0&#8243; _module_preset=&#8221;default&#8221; header_font=&#8221;Barlow Condensed|700||on|||||&#8221; header_text_align=&#8221;center&#8221; header_text_color=&#8221;#181818&#8243; header_font_size=&#8221;74px&#8221; header_letter_spacing=&#8221;-2px&#8221; header_line_height=&#8221;1.1em&#8221; text_orientation=&#8221;center&#8221; custom_margin=&#8221;||14px||false|false&#8221; global_colors_info=&#8221;{}&#8221;]<\/p>\n<h1>Always Mind<\/h1>\n<p>[\/et_pb_text][et_pb_text _builder_version=&#8221;4.24.3&#8243; _module_preset=&#8221;default&#8221; text_font=&#8221;Open Sans||||||||&#8221; text_text_color=&#8221;#333333&#8243; text_font_size=&#8221;16px&#8221; width=&#8221;100%&#8221; module_alignment=&#8221;center&#8221; custom_margin=&#8221;||0px||false|false&#8221; custom_padding=&#8221;||0px||false|false&#8221; global_colors_info=&#8221;{}&#8221;]<\/p>\n<p><span>Always Mind hj\u00e4lper f\u00f6retag, organisationer och privatpersoner att p\u00e5 ett enkelt vis arbeta med den psykiska h\u00e4lsan i vardagen. Vi utg\u00e5r alltid fr\u00e5n medm\u00e4nniskan som den psykiska h\u00e4lsans viktigaste resurs d\u00e5 vi \u00e4r \u00f6vertygade om att det \u00e4r i egenskap av medm\u00e4nniskor till varandra som vi kan g\u00f6ra den st\u00f6rsta skillnaden. Som en del av det arbetet har vi tagit fram konceptet; tala, fr\u00e5ga, lyssna\u00a0och respektera \u00a9.<\/span><\/p>\n<p><span><\/span><\/p>\n<p><span><\/span><\/p>\n<p>[\/et_pb_text][et_pb_text _builder_version=&#8221;4.18.0&#8243; _module_preset=&#8221;default&#8221; text_font_size=&#8221;30px&#8221; text_orientation=&#8221;center&#8221; global_colors_info=&#8221;{}&#8221;]<\/p>\n<p>\u2022\u2022\u2022<\/p>\n<p>[\/et_pb_text][\/et_pb_column][\/et_pb_row][et_pb_row _builder_version=&#8221;4.16&#8243; _module_preset=&#8221;default&#8221; max_width=&#8221;750px&#8221; custom_margin=&#8221;0px||0px||true|false&#8221; global_colors_info=&#8221;{}&#8221;][et_pb_column type=&#8221;4_4&#8243; _builder_version=&#8221;4.16&#8243; _module_preset=&#8221;default&#8221; pac_dcm_carousel_specific_module_num=&#8221;0&#8243; global_colors_info=&#8221;{}&#8221;][et_pb_image src=&#8221;https:\/\/alwaysmind.se\/wp-content\/uploads\/2025\/05\/DSC09746-scaled.jpeg&#8221; alt=&#8221;Helena Reje&#8221; title_text=&#8221;DSC09746&#8243; _builder_version=&#8221;4.27.4&#8243; _module_preset=&#8221;default&#8221; border_radii=&#8221;on|25px|25px|25px|25px&#8221; box_shadow_style=&#8221;preset3&#8243; global_colors_info=&#8221;{}&#8221;][\/et_pb_image][\/et_pb_column][\/et_pb_row][et_pb_row module_class=&#8221;tbvs-inline-button-center&#8221; _builder_version=&#8221;4.18.0&#8243; _module_preset=&#8221;default&#8221; max_width=&#8221;750px&#8221; custom_margin=&#8221;0px||0px||true|false&#8221; global_colors_info=&#8221;{}&#8221;][et_pb_column type=&#8221;4_4&#8243; _builder_version=&#8221;4.16&#8243; _module_preset=&#8221;default&#8221; pac_dcm_carousel_specific_module_num=&#8221;0&#8243; global_colors_info=&#8221;{}&#8221;][et_pb_text _builder_version=&#8221;4.18.0&#8243; _module_preset=&#8221;default&#8221; header_font=&#8221;Barlow Condensed|700||on|||||&#8221; header_text_align=&#8221;center&#8221; header_text_color=&#8221;#181818&#8243; header_font_size=&#8221;74px&#8221; header_letter_spacing=&#8221;-2px&#8221; header_line_height=&#8221;1.1em&#8221; text_orientation=&#8221;center&#8221; custom_margin=&#8221;||14px||false|false&#8221; global_colors_info=&#8221;{}&#8221;]<\/p>\n<h1>Helena Reje<\/h1>\n<p>[\/et_pb_text][et_pb_text _builder_version=&#8221;4.27.5&#8243; _module_preset=&#8221;default&#8221; text_font=&#8221;Open Sans||||||||&#8221; text_text_color=&#8221;#333333&#8243; text_font_size=&#8221;16px&#8221; width=&#8221;100%&#8221; module_alignment=&#8221;center&#8221; custom_margin=&#8221;||0px||false|false&#8221; custom_padding=&#8221;||0px||false|false&#8221; hover_enabled=&#8221;0&#8243; global_colors_info=&#8221;{}&#8221; sticky_enabled=&#8221;0&#8243;]<\/p>\n<p>Grundare Always Mind<\/p>\n<p><span>Jag har varit intresserad av psykisk h\u00e4lsa s\u00e5 l\u00e4nge jag kan minnas. \u00c5tminstone l\u00e5ngt f\u00f6re dess att jag visste att det var paketerat som just psykisk h\u00e4lsa. Men anledningen till att jag har g\u00e5tt fr\u00e5n att vara intresserad till engagerad \u00e4r flera, om inte annat \u00e5ren som har g\u00e5tt och de livserfarenheter jag har f\u00e5tt med mig. Men den absolut starkaste drivkraften i mitt arbete \u00e4r att jag har varit med om den psykiska oh\u00e4lsans yttersta konsekvens &#8211; suicid. Den jag f\u00f6rlorade var min mamma.\u00a0<\/span><\/p>\n<p><span>Trots att min mamma var b\u00e5de \u00f6ppenhj\u00e4rtig, verbal och social lyckades hon inte f\u00f6rmedla till oss runtomkring hur hon upplevde sin situation. Vilket gjorde att hon f\u00f6rlorade stora delar av sina m\u00f6jligheter att bli hj\u00e4lpt. Vi runtomkring henne saknade fr\u00e5gorna. Vilket gjorde att vi gick miste om chanser att hj\u00e4lpa. Och krasst sett, s\u00e5 som det var d\u00e5, fanns inte heller referenspunkten suicid i v\u00e5ra liv.<\/span><\/p>\n<p><span style=\"font-size: 16px;\">Med Always Mind utrustar vi d\u00e4rf\u00f6r medm\u00e4nniskan med kunskap, ork, ord och mod. S\u00e5 att vi kan bygga upp v\u00e5ra resurser att m\u00f6ta livets oundvikliga pr\u00f6vningar men ocks\u00e5 hantera m\u00f6rkret om det blir f\u00f6r dominant. F\u00f6r s\u00e5v\u00e4l oss sj\u00e4lva som v\u00e5r omgivning.\u00a0<\/span><\/p>\n<p><span style=\"font-size: 16px;\">Kunskap genererar mod. Jag har som vision att l\u00e4mna den h\u00e4r planeten med b\u00e4ttre f\u00f6ruts\u00e4ttningar f\u00f6r en god psykisk h\u00e4lsa \u00e4n vad det fanns h\u00e4r n\u00e4r jag kom hit. F\u00f6r att n\u00e5 dit, tror jag p\u00e5 kraften som kommer med att m\u00e5nga personer flyttar sig lite \ud83e\udd0d!\u00a0<\/span><\/p>\n<p><em>Helena Reje\u00a0<\/em><\/p>\n<p><em><\/em><\/p>\n<ul>\n<li><span>Civilekonom, inriktning kommunikation\u00a0<\/span><\/li>\n<li><span>F\u00f6rfattare till boken; Det hon aldrig sa<\/span><\/li>\n<li><span>MHFA-instrukt\u00f6r vid KI F\u00f6rsta hj\u00e4lpen till psykisk h\u00e4lsa (Mental health First Aid)<\/span><\/li>\n<li><span>AOSP-A-instrukt\u00f6r vid KI (Akut Omh\u00e4ndertagande av Sj\u00e4lvmordsn\u00e4ra Person &#8211; Allm\u00e4nheten)<\/span><\/li>\n<li><span>Har medverkat i radio P1 Kropp och Sj\u00e4l samt Nyhetsmorgon TV4 med rollen att prata psykisk h\u00e4lsa och suicidprevention. D\u00e4rtill medverkat i en uppsj\u00f6 skrivna <a href=\"http:\/\/www.alwaysmind.se\/media\">medier<\/a>.\u00a0<\/span><span><\/span><\/li>\n<li><span>Innovat\u00f6ren bakom den <a href=\"https:\/\/webbutik.muutos.se\/sortiment\/hem-fritid\/halsa-sakerhet\/always-mind\">Psykiska f\u00f6rsta hj\u00e4lpen-tavlan\u00a0<\/a><\/span><\/li>\n<li><span>Professionell r\u00e5dgivare <a href=\"https:\/\/www.wisory.io\/radgivare\/helena-reje\/\">Wisory<\/a><\/span><span style=\"font-size: 16px;\"><\/span><\/li>\n<li><span style=\"font-size: 16px;\">Regelbunden kr\u00f6nik\u00f6r i <a href=\"https:\/\/hrnytt.se\/aktuellt\/lat-inte-solen-sta-i-vagen\/\">HRNYTT\u00a0<\/a><\/span><\/li>\n<li><span><\/span><\/li>\n<\/ul>\n<p>[\/et_pb_text][\/et_pb_column][\/et_pb_row][\/et_pb_section]<\/p>\n","protected":false},"excerpt":{"rendered":"<p>Always MindAlways Mind hj\u00e4lper f\u00f6retag, organisationer och privatpersoner att p\u00e5 ett enkelt vis arbeta med den psykiska h\u00e4lsan i vardagen. Vi utg\u00e5r alltid fr\u00e5n medm\u00e4nniskan som den psykiska h\u00e4lsans viktigaste resurs d\u00e5 vi \u00e4r \u00f6vertygade om att det \u00e4r i egenskap av medm\u00e4nniskor till varandra som vi kan g\u00f6ra den st\u00f6rsta skillnaden. Som en del [&hellip;]<\/p>\n","protected":false},"author":1,"featured_media":0,"parent":0,"menu_order":0,"comment_status":"closed","ping_status":"closed","template":"","meta":{"_et_pb_use_builder":"on","_et_pb_old_content":"<!-- wp:divi\/placeholder \/-->","_et_gb_content_width":"","footnotes":""},"class_list":["post-23","page","type-page","status-publish","hentry"],"yoast_head":"<!-- This site is optimized with the Yoast SEO plugin v27.4 - https:\/\/yoast.com\/product\/yoast-seo-wordpress\/ -->\n<title>Om Always Mind - Always Mind<\/title>\n<meta name=\"robots\" content=\"index, follow, max-snippet:-1, max-image-preview:large, max-video-preview:-1\" \/>\n<link rel=\"canonical\" href=\"https:\/\/alwaysmind.se\/en\/om-always-mind\/\" \/>\n<meta property=\"og:locale\" content=\"en_GB\" \/>\n<meta property=\"og:type\" content=\"article\" \/>\n<meta property=\"og:title\" content=\"Om Always Mind - Always Mind\" \/>\n<meta property=\"og:description\" content=\"Always MindAlways Mind hj\u00e4lper f\u00f6retag, organisationer och privatpersoner att p\u00e5 ett enkelt vis arbeta med den psykiska h\u00e4lsan i vardagen. Vi utg\u00e5r alltid fr\u00e5n medm\u00e4nniskan som den psykiska h\u00e4lsans viktigaste resurs d\u00e5 vi \u00e4r \u00f6vertygade om att det \u00e4r i egenskap av medm\u00e4nniskor till varandra som vi kan g\u00f6ra den st\u00f6rsta skillnaden. Som en del [&hellip;]\" \/>\n<meta property=\"og:url\" content=\"https:\/\/alwaysmind.se\/en\/om-always-mind\/\" \/>\n<meta property=\"og:site_name\" content=\"Always Mind\" \/>\n<meta property=\"article:modified_time\" content=\"2026-01-05T14:52:12+00:00\" \/>\n<meta name=\"twitter:card\" content=\"summary_large_image\" \/>\n<meta name=\"twitter:label1\" content=\"Estimated reading time\" \/>\n\t<meta name=\"twitter:data1\" content=\"4 minutes\" \/>\n<script type=\"application\/ld+json\" class=\"yoast-schema-graph\">{\"@context\":\"https:\\\/\\\/schema.org\",\"@graph\":[{\"@type\":\"WebPage\",\"@id\":\"https:\\\/\\\/alwaysmind.se\\\/om-always-mind\\\/\",\"url\":\"https:\\\/\\\/alwaysmind.se\\\/om-always-mind\\\/\",\"name\":\"Om Always Mind - Always Mind\",\"isPartOf\":{\"@id\":\"https:\\\/\\\/alwaysmind.se\\\/#website\"},\"datePublished\":\"2022-09-13T15:20:01+00:00\",\"dateModified\":\"2026-01-05T14:52:12+00:00\",\"breadcrumb\":{\"@id\":\"https:\\\/\\\/alwaysmind.se\\\/om-always-mind\\\/#breadcrumb\"},\"inLanguage\":\"en-GB\",\"potentialAction\":[{\"@type\":\"ReadAction\",\"target\":[\"https:\\\/\\\/alwaysmind.se\\\/om-always-mind\\\/\"]}]},{\"@type\":\"BreadcrumbList\",\"@id\":\"https:\\\/\\\/alwaysmind.se\\\/om-always-mind\\\/#breadcrumb\",\"itemListElement\":[{\"@type\":\"ListItem\",\"position\":1,\"name\":\"Hem\",\"item\":\"https:\\\/\\\/alwaysmind.se\\\/\"},{\"@type\":\"ListItem\",\"position\":2,\"name\":\"Om Always Mind\"}]},{\"@type\":\"WebSite\",\"@id\":\"https:\\\/\\\/alwaysmind.se\\\/#website\",\"url\":\"https:\\\/\\\/alwaysmind.se\\\/\",\"name\":\"Always Mind\",\"description\":\"Psykisk h\u00e4lsa hela \u00e5ret\",\"potentialAction\":[{\"@type\":\"SearchAction\",\"target\":{\"@type\":\"EntryPoint\",\"urlTemplate\":\"https:\\\/\\\/alwaysmind.se\\\/?s={search_term_string}\"},\"query-input\":{\"@type\":\"PropertyValueSpecification\",\"valueRequired\":true,\"valueName\":\"search_term_string\"}}],\"inLanguage\":\"en-GB\"}]}<\/script>\n<!-- \/ Yoast SEO plugin. -->","yoast_head_json":{"title":"Om Always Mind - Always Mind","robots":{"index":"index","follow":"follow","max-snippet":"max-snippet:-1","max-image-preview":"max-image-preview:large","max-video-preview":"max-video-preview:-1"},"canonical":"https:\/\/alwaysmind.se\/en\/om-always-mind\/","og_locale":"en_GB","og_type":"article","og_title":"Om Always Mind - Always Mind","og_description":"Always MindAlways Mind hj\u00e4lper f\u00f6retag, organisationer och privatpersoner att p\u00e5 ett enkelt vis arbeta med den psykiska h\u00e4lsan i vardagen. Vi utg\u00e5r alltid fr\u00e5n medm\u00e4nniskan som den psykiska h\u00e4lsans viktigaste resurs d\u00e5 vi \u00e4r \u00f6vertygade om att det \u00e4r i egenskap av medm\u00e4nniskor till varandra som vi kan g\u00f6ra den st\u00f6rsta skillnaden. Som en del [&hellip;]","og_url":"https:\/\/alwaysmind.se\/en\/om-always-mind\/","og_site_name":"Always Mind","article_modified_time":"2026-01-05T14:52:12+00:00","twitter_card":"summary_large_image","twitter_misc":{"Estimated reading time":"4 minutes"},"schema":{"@context":"https:\/\/schema.org","@graph":[{"@type":"WebPage","@id":"https:\/\/alwaysmind.se\/om-always-mind\/","url":"https:\/\/alwaysmind.se\/om-always-mind\/","name":"Om Always Mind - Always Mind","isPartOf":{"@id":"https:\/\/alwaysmind.se\/#website"},"datePublished":"2022-09-13T15:20:01+00:00","dateModified":"2026-01-05T14:52:12+00:00","breadcrumb":{"@id":"https:\/\/alwaysmind.se\/om-always-mind\/#breadcrumb"},"inLanguage":"en-GB","potentialAction":[{"@type":"ReadAction","target":["https:\/\/alwaysmind.se\/om-always-mind\/"]}]},{"@type":"BreadcrumbList","@id":"https:\/\/alwaysmind.se\/om-always-mind\/#breadcrumb","itemListElement":[{"@type":"ListItem","position":1,"name":"Hem","item":"https:\/\/alwaysmind.se\/"},{"@type":"ListItem","position":2,"name":"Om Always Mind"}]},{"@type":"WebSite","@id":"https:\/\/alwaysmind.se\/#website","url":"https:\/\/alwaysmind.se\/","name":"Always Mind","description":"Psykisk h\u00e4lsa hela \u00e5ret","potentialAction":[{"@type":"SearchAction","target":{"@type":"EntryPoint","urlTemplate":"https:\/\/alwaysmind.se\/?s={search_term_string}"},"query-input":{"@type":"PropertyValueSpecification","valueRequired":true,"valueName":"search_term_string"}}],"inLanguage":"en-GB"}]}},"_links":{"self":[{"href":"https:\/\/alwaysmind.se\/en\/wp-json\/wp\/v2\/pages\/23","targetHints":{"allow":["GET"]}}],"collection":[{"href":"https:\/\/alwaysmind.se\/en\/wp-json\/wp\/v2\/pages"}],"about":[{"href":"https:\/\/alwaysmind.se\/en\/wp-json\/wp\/v2\/types\/page"}],"author":[{"embeddable":true,"href":"https:\/\/alwaysmind.se\/en\/wp-json\/wp\/v2\/users\/1"}],"replies":[{"embeddable":true,"href":"https:\/\/alwaysmind.se\/en\/wp-json\/wp\/v2\/comments?post=23"}],"version-history":[{"count":5,"href":"https:\/\/alwaysmind.se\/en\/wp-json\/wp\/v2\/pages\/23\/revisions"}],"predecessor-version":[{"id":3790,"href":"https:\/\/alwaysmind.se\/en\/wp-json\/wp\/v2\/pages\/23\/revisions\/3790"}],"wp:attachment":[{"href":"https:\/\/alwaysmind.se\/en\/wp-json\/wp\/v2\/media?parent=23"}],"curies":[{"name":"wp","href":"https:\/\/api.w.org\/{rel}","templated":true}]}}