{"id":2673,"date":"2024-06-25T11:59:00","date_gmt":"2024-06-25T11:59:00","guid":{"rendered":"https:\/\/alwaysmind.se\/?page_id=2673"},"modified":"2025-12-12T12:55:12","modified_gmt":"2025-12-12T11:55:12","slug":"ride-always-mind","status":"publish","type":"page","link":"https:\/\/alwaysmind.se\/en\/ride-always-mind\/","title":{"rendered":"RIDE ALWAYS MIND"},"content":{"rendered":"<p>[et_pb_section fb_built=&#8221;1&#8243; admin_label=&#8221;F\u00f6rel\u00e4sningen&#8221; module_id=&#8221;f\u00f6rel\u00e4sning&#8221; module_class=&#8221;tbvs-section-light&#8221; _builder_version=&#8221;4.23.4&#8243; _module_preset=&#8221;default&#8221; min_height=&#8221;90vh&#8221; custom_padding=&#8221;10px||||false|false&#8221; custom_css_main_element=&#8221;display: flex;||flex-direction: column;||justify-content: center;&#8221; global_colors_info=&#8221;{}&#8221;][et_pb_row _builder_version=&#8221;4.22.1&#8243; _module_preset=&#8221;default&#8221; max_width=&#8221;750px&#8221; custom_margin=&#8221;0px||0px||true|false&#8221; custom_padding=&#8221;||10px|||&#8221; global_colors_info=&#8221;{}&#8221;][et_pb_column type=&#8221;4_4&#8243; _builder_version=&#8221;4.16&#8243; _module_preset=&#8221;default&#8221; pac_dcm_carousel_specific_module_num=&#8221;0&#8243; global_colors_info=&#8221;{}&#8221;][et_pb_text _builder_version=&#8221;4.22.1&#8243; _module_preset=&#8221;default&#8221; header_font=&#8221;Barlow Condensed|700||on|||||&#8221; header_text_color=&#8221;#181818&#8243; header_font_size=&#8221;80px&#8221; header_letter_spacing=&#8221;-2px&#8221; header_line_height=&#8221;1.1em&#8221; text_orientation=&#8221;center&#8221; custom_margin=&#8221;||0px||false|false&#8221; custom_padding=&#8221;||0px||false|false&#8221; header_font_size_tablet=&#8221;80px&#8221; header_font_size_phone=&#8221;48px&#8221; header_font_size_last_edited=&#8221;on|phone&#8221; global_colors_info=&#8221;{}&#8221;]<\/p>\n<h1 style=\"text-align: center;\">always mind ride<\/h1>\n<p>[\/et_pb_text][et_pb_text _builder_version=&#8221;4.25.2&#8243; _module_preset=&#8221;default&#8221; text_font=&#8221;Barlow Condensed|700||on|||||&#8221; text_text_color=&#8221;#cf639d&#8221; text_font_size=&#8221;38px&#8221; text_line_height=&#8221;1.1em&#8221; header_3_font=&#8221;Montserrat|800|||||||&#8221; header_3_text_color=&#8221;#181818&#8243; header_3_font_size=&#8221;20px&#8221; header_3_line_height=&#8221;1.1em&#8221; text_orientation=&#8221;center&#8221; custom_margin=&#8221;0px||7px||false|false&#8221; custom_padding=&#8221;0px||0px||false|false&#8221; text_font_size_tablet=&#8221;38px&#8221; text_font_size_phone=&#8221;26px&#8221; text_font_size_last_edited=&#8221;on|phone&#8221; global_colors_info=&#8221;{}&#8221;]<\/p>\n<p>f\u00f6r allas r\u00e4tt till en god psykisk h\u00e4lsa<\/p>\n<p>[\/et_pb_text][\/et_pb_column][\/et_pb_row][et_pb_row _builder_version=&#8221;4.25.2&#8243; _module_preset=&#8221;default&#8221; max_width=&#8221;750px&#8221; custom_padding=&#8221;27px|||||&#8221; global_colors_info=&#8221;{}&#8221;][et_pb_column type=&#8221;4_4&#8243; _builder_version=&#8221;4.25.2&#8243; _module_preset=&#8221;default&#8221; pac_dcm_carousel_specific_module_num=&#8221;0&#8243; global_colors_info=&#8221;{}&#8221;][et_pb_image src=&#8221;https:\/\/alwaysmind.se\/wp-content\/uploads\/2025\/06\/IMG_0658-scaled.jpeg&#8221; title_text=&#8221;IMG_0669&#8243; align=&#8221;center&#8221; _builder_version=&#8221;4.27.4&#8243; _module_preset=&#8221;default&#8221; width=&#8221;90%&#8221; max_width=&#8221;90%&#8221; border_radii=&#8221;on|15px|15px|15px|15px&#8221; box_shadow_style=&#8221;preset1&#8243; global_colors_info=&#8221;{}&#8221;][\/et_pb_image][\/et_pb_column][\/et_pb_row][et_pb_row module_class=&#8221;tbvs-inline-button-center&#8221; _builder_version=&#8221;4.27.5&#8243; _module_preset=&#8221;default&#8221; max_width=&#8221;750px&#8221; custom_margin=&#8221;0px||0px||true|false&#8221; custom_padding=&#8221;||12px|||&#8221; global_colors_info=&#8221;{}&#8221;][et_pb_column type=&#8221;4_4&#8243; _builder_version=&#8221;4.16&#8243; _module_preset=&#8221;default&#8221; pac_dcm_carousel_specific_module_num=&#8221;0&#8243; global_colors_info=&#8221;{}&#8221;][et_pb_text _builder_version=&#8221;4.27.5&#8243; _module_preset=&#8221;default&#8221; text_font=&#8221;Open Sans||||||||&#8221; text_font_size=&#8221;16px&#8221; custom_padding=&#8221;||0px|||&#8221; global_colors_info=&#8221;{}&#8221;]<\/p>\n<p><strong>Always Mind Ride \u00e4r ett \u00e5rligt ridsportevenemang \u00f6ppet f\u00f6r alla &#8211; fr\u00e5n k\u00e4pph\u00e4st till Grand Prix. En ritt f\u00f6r att uppm\u00e4rksamma r\u00e4tten till en god psykisk h\u00e4lsa.<\/strong><\/p>\n<p><strong>Vad?<\/strong> Den 10:e oktober varje \u00e5r infaller\u00a0<i><a href=\"https:\/\/www.who.int\/campaigns\/world-mental-health-day\">World Mental Health Day<\/a>. <\/i>En dag instiftad av WHO f\u00f6r att uppm\u00e4rksamma alla m\u00e4nniskors r\u00e4tt, v\u00e4rlden \u00f6ver, till en god psykisk h\u00e4lsa.<\/p>\n<p>WHO uppmuntrar till att anordna aktiviteter f\u00f6r att belysa vikten av den psykiska h\u00e4lsan. Och \u00e4r det n\u00e5got vi ridsporten kan s\u00e5 \u00e4r det att visa att vi har ett engagemang! H\u00e4star har ju dessutom en fantastisk positiv p\u00e5verkan p\u00e5 v\u00e5rt m\u00e5ende!<\/p>\n<p><strong>Vem?<\/strong> Alla kan vara med &#8211; \u00a0du kan delta p\u00e5 en kompis h\u00e4st, ridskolans h\u00e4st, din egen eller en k\u00e4pph\u00e4st.<\/p>\n<p><strong>N\u00e4r?<\/strong> Always Mind Ride p\u00e5g\u00e5r hela vecka 41 och du v\u00e4ljer sj\u00e4lv n\u00e4r du rider mellan den 6:e och 12:e oktober. Om du rider en skogstur, ett tr\u00e4ningspass, en t\u00e4vling eller i fantasin, v\u00e4ljer du.<\/p>\n<p>Pst! Man f\u00e5r \u00e4ven tjuvstarta \ud83d\ude09.<\/p>\n<p>[\/et_pb_text][et_pb_text _builder_version=&#8221;4.27.5&#8243; _module_preset=&#8221;default&#8221; custom_margin=&#8221;20px||20px||false|false&#8221; global_colors_info=&#8221;{}&#8221;]<\/p>\n<h2 style=\"text-align: center;\">Anm\u00e4lan f\u00f6r 2026 kommer \u00f6ppna upp under<br \/>slutet av q1 2026<\/h2>\n<p>[\/et_pb_text][et_pb_image src=&#8221;https:\/\/alwaysmind.se\/wp-content\/uploads\/2024\/06\/logo.png&#8221; title_text=&#8221;logo&#8221; align=&#8221;center&#8221; _builder_version=&#8221;4.25.2&#8243; _module_preset=&#8221;default&#8221; width=&#8221;26%&#8221; global_colors_info=&#8221;{}&#8221;][\/et_pb_image][et_pb_text _builder_version=&#8221;4.27.4&#8243; _module_preset=&#8221;default&#8221; text_font=&#8221;Open Sans||||||||&#8221; text_font_size=&#8221;16px&#8221; min_height=&#8221;279px&#8221; custom_padding=&#8221;||0px|||&#8221; global_colors_info=&#8221;{}&#8221;]<\/p>\n<p><strong>F\u00f6rm\u00e5nstagare f\u00f6r ritten \u00e4r BRIS. Vi kommer att skicka allt \u00f6verskott till BRIS f\u00f6r att f\u00f6rb\u00e4ttra deras m\u00f6jligheter att forts\u00e4tta finnas med sin verksamhet och ge st\u00f6d till dem som beh\u00f6ver.<\/strong><\/p>\n<p><strong>Anm\u00e4lan?\u00a0<\/strong>Du anm\u00e4ler dig i formul\u00e4ret nedan och betalar med swish 123 046 41 15. Med eller utan rosett. Vill du skriva ut den h\u00e4r sidan och s\u00e4tta p\u00e5 stallv\u00e4ggen eller n\u00e5gon annanstans s\u00e5 leder qr-koden in till anm\u00e4lningsformul\u00e4ret.<\/p>\n<p><strong>TIPS! Skapa eget arrangemang! <\/strong>Ett s\u00e4tt att skapa ett st\u00f6rre engagemang kring \u00e4mnet &#8221;Alla r\u00e4tt till en god psykisk h\u00e4lsa&#8221; kan vara att arrangera en gemensam uteritt, t\u00e4vling eller fokus-vecka p\u00e5 just er ridskola\/stall. Skicka ett mejl till: <a href=\"mailto:kontakt@alwaysmind.sse\">kontakt@alwaysmind.se\u00a0 <\/a>s\u00e5 hj\u00e4lper vi till med det vi kan f\u00f6r att underl\u00e4tta f\u00f6r ert initiativ och leverera \u00f6nskat antal rosetter.<\/p>\n<p>Du beh\u00f6ver inte redovisa din ritt, men vill du l\u00e4gga ut p\u00e5 sociala medier s\u00e5 anv\u00e4nd g\u00e4rna\u00a0<em>#alwaysmindride<\/em>\u00a0Alla som har \u00f6nskat pris f\u00e5r pris.<\/p>\n<p><strong style=\"font-size: 16px;\">Ta hand om er, dela g\u00e4rna ritten med era v\u00e4nner och rid fint!\u00a0<\/strong><\/p>\n<p>Artikel efter ritten 2024, <a href=\"https:\/\/www.hippson.se\/nyheter\/ridsportens-engagemang-gav-42-000-kronor-till-bris\">Ridsportens engagemang gav 42 oookr till Bris.\u00a0<\/a><\/p>\n<p>&nbsp;<\/p>\n<p>[\/et_pb_text][et_pb_text _builder_version=&#8221;4.27.5&#8243; _module_preset=&#8221;default&#8221; hover_enabled=&#8221;0&#8243; global_colors_info=&#8221;{}&#8221; sticky_enabled=&#8221;0&#8243;]<\/p>\n<h2 style=\"text-align: center;\">Fr\u00e5n tidigare \u00e5r<\/h2>\n<p>Artikel efter ritten 2024,<span>\u00a0<\/span><a href=\"https:\/\/www.hippson.se\/nyheter\/ridsportens-engagemang-gav-42-000-kronor-till-bris\">Ridsportens engagemang gav 42 ooo kr till Bris.\u00a0<\/a><\/p>\n<p>[\/et_pb_text][\/et_pb_column][\/et_pb_row][et_pb_row column_structure=&#8221;1_2,1_2&#8243; _builder_version=&#8221;4.27.5&#8243; _module_preset=&#8221;default&#8221; max_width=&#8221;750px&#8221; global_colors_info=&#8221;{}&#8221;][et_pb_column type=&#8221;1_2&#8243; _builder_version=&#8221;4.27.5&#8243; _module_preset=&#8221;default&#8221; pac_dcm_carousel_specific_module_num=&#8221;0&#8243; global_colors_info=&#8221;{}&#8221;][et_pb_image src=&#8221;https:\/\/alwaysmind.se\/wp-content\/uploads\/2025\/12\/ride-2025-always-mind.jpg&#8221; title_text=&#8221;ride 2025 always mind&#8221; align=&#8221;center&#8221; _builder_version=&#8221;4.27.5&#8243; _module_preset=&#8221;default&#8221; max_width=&#8221;90%&#8221; hover_enabled=&#8221;0&#8243; border_width_all=&#8221;16px&#8221; border_color_all=&#8221;#FFFFFF&#8221; box_shadow_style=&#8221;preset1&#8243; global_colors_info=&#8221;{}&#8221; sticky_enabled=&#8221;0&#8243;][\/et_pb_image][\/et_pb_column][et_pb_column type=&#8221;1_2&#8243; _builder_version=&#8221;4.27.5&#8243; _module_preset=&#8221;default&#8221; pac_dcm_carousel_specific_module_num=&#8221;0&#8243; global_colors_info=&#8221;{}&#8221;][et_pb_image src=&#8221;https:\/\/alwaysmind.se\/wp-content\/uploads\/2025\/12\/always-mind-ride-2024.jpg&#8221; title_text=&#8221;always mind ride 2024&#8243; align=&#8221;center&#8221; _builder_version=&#8221;4.27.5&#8243; _module_preset=&#8221;default&#8221; max_width=&#8221;90%&#8221; border_width_all=&#8221;16px&#8221; border_color_all=&#8221;#FFFFFF&#8221; box_shadow_style=&#8221;preset1&#8243; global_colors_info=&#8221;{}&#8221;][\/et_pb_image][\/et_pb_column][\/et_pb_row][et_pb_row column_structure=&#8221;1_2,1_2&#8243; _builder_version=&#8221;4.27.5&#8243; _module_preset=&#8221;default&#8221; max_width=&#8221;750px&#8221; global_colors_info=&#8221;{}&#8221;][et_pb_column type=&#8221;1_2&#8243; _builder_version=&#8221;4.27.5&#8243; _module_preset=&#8221;default&#8221; pac_dcm_carousel_specific_module_num=&#8221;0&#8243; global_colors_info=&#8221;{}&#8221;][et_pb_image src=&#8221;https:\/\/alwaysmind.se\/wp-content\/uploads\/2025\/12\/ride-2024-always-mind.jpg&#8221; title_text=&#8221;ride 2024 always mind&#8221; align=&#8221;center&#8221; _builder_version=&#8221;4.27.5&#8243; _module_preset=&#8221;default&#8221; max_width=&#8221;90%&#8221; border_width_all=&#8221;16px&#8221; border_color_all=&#8221;#FFFFFF&#8221; box_shadow_style=&#8221;preset1&#8243; global_colors_info=&#8221;{}&#8221;][\/et_pb_image][\/et_pb_column][et_pb_column type=&#8221;1_2&#8243; _builder_version=&#8221;4.27.5&#8243; _module_preset=&#8221;default&#8221; pac_dcm_carousel_specific_module_num=&#8221;0&#8243; global_colors_info=&#8221;{}&#8221;][\/et_pb_column][\/et_pb_row][et_pb_row _builder_version=&#8221;4.27.5&#8243; _module_preset=&#8221;default&#8221; global_colors_info=&#8221;{}&#8221;][et_pb_column type=&#8221;4_4&#8243; _builder_version=&#8221;4.27.5&#8243; _module_preset=&#8221;default&#8221; pac_dcm_carousel_specific_module_num=&#8221;0&#8243; global_colors_info=&#8221;{}&#8221;][et_pb_image src=&#8221;https:\/\/alwaysmind.se\/wp-content\/uploads\/2025\/12\/always-mind-ride-2026.png&#8221; title_text=&#8221;always mind ride 2026&#8243; align=&#8221;center&#8221; _builder_version=&#8221;4.27.5&#8243; _module_preset=&#8221;default&#8221; global_colors_info=&#8221;{}&#8221;][\/et_pb_image][et_pb_text _builder_version=&#8221;4.27.5&#8243; _module_preset=&#8221;default&#8221; text_font=&#8221;Barlow Condensed|700||on|||||&#8221; text_text_color=&#8221;#cf639d&#8221; text_font_size=&#8221;38px&#8221; text_line_height=&#8221;1.1em&#8221; header_3_font=&#8221;Montserrat|800|||||||&#8221; header_3_text_color=&#8221;#181818&#8243; header_3_font_size=&#8221;20px&#8221; header_3_line_height=&#8221;1.1em&#8221; text_orientation=&#8221;center&#8221; custom_margin=&#8221;0px||9px||false|false&#8221; custom_padding=&#8221;0px||0px||false|false&#8221; global_colors_info=&#8221;{}&#8221;]<\/p>\n<p><span>anm\u00e4lan always mind ride\u00a0 \u00f6ppnar Under slutet av Q1 2026<\/span><\/p>\n<p><span>V\u00e4lkomna<\/span><\/p>\n<h3><\/h3>\n<p>[\/et_pb_text][\/et_pb_column][\/et_pb_row][\/et_pb_section]<\/p>\n","protected":false},"excerpt":{"rendered":"<p>always mind ridef\u00f6r allas r\u00e4tt till en god psykisk h\u00e4lsaAlways Mind Ride \u00e4r ett \u00e5rligt ridsportevenemang \u00f6ppet f\u00f6r alla &#8211; fr\u00e5n k\u00e4pph\u00e4st till Grand Prix. En ritt f\u00f6r att uppm\u00e4rksamma r\u00e4tten till en god psykisk h\u00e4lsa. Vad? Den 10:e oktober varje \u00e5r infaller\u00a0World Mental Health Day. En dag instiftad av WHO f\u00f6r att uppm\u00e4rksamma alla [&hellip;]<\/p>\n","protected":false},"author":1,"featured_media":0,"parent":0,"menu_order":0,"comment_status":"closed","ping_status":"closed","template":"","meta":{"_et_pb_use_builder":"on","_et_pb_old_content":"","_et_gb_content_width":"","footnotes":""},"class_list":["post-2673","page","type-page","status-publish","hentry"],"yoast_head":"<!-- This site is optimized with the Yoast SEO plugin v27.4 - https:\/\/yoast.com\/product\/yoast-seo-wordpress\/ -->\n<title>RIDE ALWAYS MIND - Always Mind<\/title>\n<meta name=\"robots\" content=\"index, follow, max-snippet:-1, max-image-preview:large, max-video-preview:-1\" \/>\n<link rel=\"canonical\" href=\"https:\/\/alwaysmind.se\/en\/ride-always-mind\/\" \/>\n<meta property=\"og:locale\" content=\"en_GB\" \/>\n<meta property=\"og:type\" content=\"article\" \/>\n<meta property=\"og:title\" content=\"RIDE ALWAYS MIND - Always Mind\" \/>\n<meta property=\"og:description\" content=\"always mind ridef\u00f6r allas r\u00e4tt till en god psykisk h\u00e4lsaAlways Mind Ride \u00e4r ett \u00e5rligt ridsportevenemang \u00f6ppet f\u00f6r alla - fr\u00e5n k\u00e4pph\u00e4st till Grand Prix. En ritt f\u00f6r att uppm\u00e4rksamma r\u00e4tten till en god psykisk h\u00e4lsa. Vad? Den 10:e oktober varje \u00e5r infaller\u00a0World Mental Health Day. En dag instiftad av WHO f\u00f6r att uppm\u00e4rksamma alla [&hellip;]\" \/>\n<meta property=\"og:url\" content=\"https:\/\/alwaysmind.se\/en\/ride-always-mind\/\" \/>\n<meta property=\"og:site_name\" content=\"Always Mind\" \/>\n<meta property=\"article:modified_time\" content=\"2025-12-12T11:55:12+00:00\" \/>\n<meta name=\"twitter:card\" content=\"summary_large_image\" \/>\n<meta name=\"twitter:label1\" content=\"Estimated reading time\" \/>\n\t<meta name=\"twitter:data1\" content=\"7 minutes\" \/>\n<script type=\"application\/ld+json\" class=\"yoast-schema-graph\">{\"@context\":\"https:\\\/\\\/schema.org\",\"@graph\":[{\"@type\":\"WebPage\",\"@id\":\"https:\\\/\\\/alwaysmind.se\\\/ride-always-mind\\\/\",\"url\":\"https:\\\/\\\/alwaysmind.se\\\/ride-always-mind\\\/\",\"name\":\"RIDE ALWAYS MIND - Always Mind\",\"isPartOf\":{\"@id\":\"https:\\\/\\\/alwaysmind.se\\\/#website\"},\"datePublished\":\"2024-06-25T11:59:00+00:00\",\"dateModified\":\"2025-12-12T11:55:12+00:00\",\"breadcrumb\":{\"@id\":\"https:\\\/\\\/alwaysmind.se\\\/ride-always-mind\\\/#breadcrumb\"},\"inLanguage\":\"en-GB\",\"potentialAction\":[{\"@type\":\"ReadAction\",\"target\":[\"https:\\\/\\\/alwaysmind.se\\\/ride-always-mind\\\/\"]}]},{\"@type\":\"BreadcrumbList\",\"@id\":\"https:\\\/\\\/alwaysmind.se\\\/ride-always-mind\\\/#breadcrumb\",\"itemListElement\":[{\"@type\":\"ListItem\",\"position\":1,\"name\":\"Hem\",\"item\":\"https:\\\/\\\/alwaysmind.se\\\/\"},{\"@type\":\"ListItem\",\"position\":2,\"name\":\"RIDE ALWAYS MIND\"}]},{\"@type\":\"WebSite\",\"@id\":\"https:\\\/\\\/alwaysmind.se\\\/#website\",\"url\":\"https:\\\/\\\/alwaysmind.se\\\/\",\"name\":\"Always Mind\",\"description\":\"Psykisk h\u00e4lsa hela \u00e5ret\",\"potentialAction\":[{\"@type\":\"SearchAction\",\"target\":{\"@type\":\"EntryPoint\",\"urlTemplate\":\"https:\\\/\\\/alwaysmind.se\\\/?s={search_term_string}\"},\"query-input\":{\"@type\":\"PropertyValueSpecification\",\"valueRequired\":true,\"valueName\":\"search_term_string\"}}],\"inLanguage\":\"en-GB\"}]}<\/script>\n<!-- \/ Yoast SEO plugin. -->","yoast_head_json":{"title":"RIDE ALWAYS MIND - Always Mind","robots":{"index":"index","follow":"follow","max-snippet":"max-snippet:-1","max-image-preview":"max-image-preview:large","max-video-preview":"max-video-preview:-1"},"canonical":"https:\/\/alwaysmind.se\/en\/ride-always-mind\/","og_locale":"en_GB","og_type":"article","og_title":"RIDE ALWAYS MIND - Always Mind","og_description":"always mind ridef\u00f6r allas r\u00e4tt till en god psykisk h\u00e4lsaAlways Mind Ride \u00e4r ett \u00e5rligt ridsportevenemang \u00f6ppet f\u00f6r alla - fr\u00e5n k\u00e4pph\u00e4st till Grand Prix. En ritt f\u00f6r att uppm\u00e4rksamma r\u00e4tten till en god psykisk h\u00e4lsa. Vad? Den 10:e oktober varje \u00e5r infaller\u00a0World Mental Health Day. En dag instiftad av WHO f\u00f6r att uppm\u00e4rksamma alla [&hellip;]","og_url":"https:\/\/alwaysmind.se\/en\/ride-always-mind\/","og_site_name":"Always Mind","article_modified_time":"2025-12-12T11:55:12+00:00","twitter_card":"summary_large_image","twitter_misc":{"Estimated reading time":"7 minutes"},"schema":{"@context":"https:\/\/schema.org","@graph":[{"@type":"WebPage","@id":"https:\/\/alwaysmind.se\/ride-always-mind\/","url":"https:\/\/alwaysmind.se\/ride-always-mind\/","name":"RIDE ALWAYS MIND - Always Mind","isPartOf":{"@id":"https:\/\/alwaysmind.se\/#website"},"datePublished":"2024-06-25T11:59:00+00:00","dateModified":"2025-12-12T11:55:12+00:00","breadcrumb":{"@id":"https:\/\/alwaysmind.se\/ride-always-mind\/#breadcrumb"},"inLanguage":"en-GB","potentialAction":[{"@type":"ReadAction","target":["https:\/\/alwaysmind.se\/ride-always-mind\/"]}]},{"@type":"BreadcrumbList","@id":"https:\/\/alwaysmind.se\/ride-always-mind\/#breadcrumb","itemListElement":[{"@type":"ListItem","position":1,"name":"Hem","item":"https:\/\/alwaysmind.se\/"},{"@type":"ListItem","position":2,"name":"RIDE ALWAYS MIND"}]},{"@type":"WebSite","@id":"https:\/\/alwaysmind.se\/#website","url":"https:\/\/alwaysmind.se\/","name":"Always Mind","description":"Psykisk h\u00e4lsa hela \u00e5ret","potentialAction":[{"@type":"SearchAction","target":{"@type":"EntryPoint","urlTemplate":"https:\/\/alwaysmind.se\/?s={search_term_string}"},"query-input":{"@type":"PropertyValueSpecification","valueRequired":true,"valueName":"search_term_string"}}],"inLanguage":"en-GB"}]}},"_links":{"self":[{"href":"https:\/\/alwaysmind.se\/en\/wp-json\/wp\/v2\/pages\/2673","targetHints":{"allow":["GET"]}}],"collection":[{"href":"https:\/\/alwaysmind.se\/en\/wp-json\/wp\/v2\/pages"}],"about":[{"href":"https:\/\/alwaysmind.se\/en\/wp-json\/wp\/v2\/types\/page"}],"author":[{"embeddable":true,"href":"https:\/\/alwaysmind.se\/en\/wp-json\/wp\/v2\/users\/1"}],"replies":[{"embeddable":true,"href":"https:\/\/alwaysmind.se\/en\/wp-json\/wp\/v2\/comments?post=2673"}],"version-history":[{"count":5,"href":"https:\/\/alwaysmind.se\/en\/wp-json\/wp\/v2\/pages\/2673\/revisions"}],"predecessor-version":[{"id":3780,"href":"https:\/\/alwaysmind.se\/en\/wp-json\/wp\/v2\/pages\/2673\/revisions\/3780"}],"wp:attachment":[{"href":"https:\/\/alwaysmind.se\/en\/wp-json\/wp\/v2\/media?parent=2673"}],"curies":[{"name":"wp","href":"https:\/\/api.w.org\/{rel}","templated":true}]}}