{"id":31,"date":"2022-09-13T15:22:06","date_gmt":"2022-09-13T15:22:06","guid":{"rendered":"https:\/\/alwaysmind.se\/?page_id=31"},"modified":"2023-02-21T16:17:57","modified_gmt":"2023-02-21T16:17:57","slug":"respektera","status":"publish","type":"page","link":"https:\/\/alwaysmind.se\/en\/respektera\/","title":{"rendered":"RESPECT"},"content":{"rendered":"<p>[et_pb_section fb_built=&#8221;1&#8243; admin_label=&#8221;TBVS &#8211; Light &#8211; Header 13&#8243; module_class=&#8221;tbvs-section-light&#8221; _builder_version=&#8221;4.16&#8243; _module_preset=&#8221;default&#8221; min_height=&#8221;90vh&#8221; custom_padding=&#8221;30px|||||&#8221; custom_css_main_element=&#8221;display: flex;||flex-direction: column;||justify-content: center;&#8221; global_colors_info=&#8221;{}&#8221;][et_pb_row _builder_version=&#8221;4.16&#8243; _module_preset=&#8221;default&#8221; max_width=&#8221;750px&#8221; custom_margin=&#8221;0px||0px||true|false&#8221; global_colors_info=&#8221;{}&#8221;][et_pb_column type=&#8221;4_4&#8243; _builder_version=&#8221;4.16&#8243; _module_preset=&#8221;default&#8221; global_colors_info=&#8221;{}&#8221;][et_pb_image src=&#8221;https:\/\/alwaysmind.se\/wp-content\/uploads\/2022\/09\/Respektera.jpg&#8221; title_text=&#8221;Respektera&#8221; _builder_version=&#8221;4.18.0&#8243; _module_preset=&#8221;default&#8221; border_radii=&#8221;on|25px|25px|25px|25px&#8221; box_shadow_style=&#8221;preset3&#8243; global_colors_info=&#8221;{}&#8221;][\/et_pb_image][\/et_pb_column][\/et_pb_row][et_pb_row module_class=&#8221;tbvs-inline-button-center&#8221; _builder_version=&#8221;4.18.0&#8243; _module_preset=&#8221;default&#8221; max_width=&#8221;750px&#8221; custom_margin=&#8221;0px||0px||true|false&#8221; global_colors_info=&#8221;{}&#8221;][et_pb_column type=&#8221;4_4&#8243; _builder_version=&#8221;4.16&#8243; _module_preset=&#8221;default&#8221; global_colors_info=&#8221;{}&#8221;][et_pb_text _builder_version=&#8221;4.19.0&#8243; _module_preset=&#8221;default&#8221; header_font=&#8221;Barlow Condensed|700||on|||||&#8221; header_text_color=&#8221;#181818&#8243; header_font_size=&#8221;80px&#8221; header_letter_spacing=&#8221;-2px&#8221; header_line_height=&#8221;1.1em&#8221; text_orientation=&#8221;center&#8221; custom_margin=&#8221;||14px||false|false&#8221; header_font_size_tablet=&#8221;80px&#8221; header_font_size_phone=&#8221;64px&#8221; header_font_size_last_edited=&#8221;on|phone&#8221; global_colors_info=&#8221;{}&#8221;]<\/p>\n<h1>Respektera<\/h1>\n<p>[\/et_pb_text][et_pb_text _builder_version=&#8221;4.19.4&#8243; _module_preset=&#8221;default&#8221; text_font=&#8221;Barlow Condensed||||||||&#8221; text_text_color=&#8221;#000000&#8243; text_font_size=&#8221;36px&#8221; text_letter_spacing=&#8221;-1px&#8221; text_line_height=&#8221;1.1em&#8221; header_3_font=&#8221;Montserrat|800|||||||&#8221; header_3_text_color=&#8221;#181818&#8243; header_3_font_size=&#8221;20px&#8221; header_3_line_height=&#8221;1.1em&#8221; text_orientation=&#8221;center&#8221; custom_margin=&#8221;||33px||false|false&#8221; custom_padding=&#8221;0px||0px||false|false&#8221; global_colors_info=&#8221;{}&#8221;]<\/p>\n<p>Om n\u00e5gon \u00f6ppnat sig f\u00f6r dig &#8211; respektera ber\u00e4ttelsens inneh\u00e5ll!<\/p>\n<p>[\/et_pb_text][et_pb_text _builder_version=&#8221;4.18.0&#8243; _module_preset=&#8221;default&#8221; text_font=&#8221;Open Sans||||||||&#8221; text_text_color=&#8221;#333333&#8243; text_font_size=&#8221;16px&#8221; width=&#8221;100%&#8221; module_alignment=&#8221;center&#8221; global_colors_info=&#8221;{}&#8221;]<\/p>\n<p>Om en person delar med sig av sitt mindre bra m\u00e5ende f\u00f6r dig \u00e4r det viktigt att du tar emot ber\u00e4ttelsens inneh\u00e5ll lika varsamt som den har \u00f6verl\u00e4mnats. En persons inre f\u00e5r inte tas om hand f\u00f6r l\u00e4ttvindigt. \u00c4ven om det du har f\u00e5tt h\u00f6ra eventuellt inte skulle k\u00e4nnas s\u00e5 laddat f\u00f6r dig s\u00e5 g\u00f6r det f\u00f6rmodligen det f\u00f6r personen du samtalar med. Era upplevda situationer skiljer sig med st\u00f6rsta sannolikhet \u00e5t. Ditt bidrag till att g\u00f6ra samtalsrummet bekv\u00e4mt och hur du f\u00f6rvaltar substansen av det du f\u00e5tt h\u00f6ra \u00e4r betydelsefullt. <span class=\"gmail-Apple-converted-space\">\u00a0<\/span><\/p>\n<p>Om du f\u00e5r h\u00f6ra n\u00e5got som du inte vet hur du ska reagera p\u00e5 eller hantera, st\u00e4ll g\u00e4rna fr\u00e5gan;\u00a0<\/p>\n<p>Vad \u00f6nskar du att jag ska g\u00f6ra med den information du har givit mig?<\/p>\n<p>Jag vill g\u00e4rna hj\u00e4lpa dig p\u00e5 ett s\u00e4tt som k\u00e4nns bra f\u00f6r dig, vad \u00f6nskar du?<\/p>\n<p>Det h\u00e4r \u00e4r onekligen ett k\u00e4nsligt \u00e4mne f\u00f6r dig. Hur v\u00e4rnar jag om det b\u00e4st?<span class=\"gmail-Apple-converted-space\">\u00a0<\/span><\/p>\n<p>F\u00f6rs\u00f6k att f\u00f6lja avs\u00e4ndarens \u00f6nskem\u00e5l s\u00e5 l\u00e5ngt som m\u00f6jligt. Ni har f\u00f6rmodligen kommit en bit p\u00e5 v\u00e4gen bara av att du har funnits och finns d\u00e4r. D\u00e4remot finns det n\u00e5got du inte f\u00e5r g\u00f6ra, viktigt! N\u00e4mligen att sluta tystnadsf\u00f6rbund kring eventuella tankar p\u00e5 suicid. Dessa f\u00e5r alltid brytas. Om det av n\u00e5gon anledning skulle k\u00e4nnas obekv\u00e4mt eller utanf\u00f6r den sociala kontext du upplever finns. \u00d6vers\u00e4tt d\u00e5 det du nyss har h\u00f6rt till; Det k\u00e4nns som att jag snart inte l\u00e4ngre kan andas.\u00a0<\/p>\n<p>Vad skulle du g\u00f6ra d\u00e5?\u00a0<\/p>\n<p>[\/et_pb_text][et_pb_button button_url=&#8221;https:\/\/alwaysmind.se\/har-finns-hjalp\/&#8221; button_text=&#8221;H\u00e4r finns hj\u00e4lp&#8221; button_alignment=&#8221;center&#8221; _builder_version=&#8221;4.19.0&#8243; _module_preset=&#8221;default&#8221; custom_button=&#8221;on&#8221; button_text_size=&#8221;14px&#8221; button_text_color=&#8221;#FFFFFF&#8221; button_bg_color=&#8221;#cf639d&#8221; button_border_width=&#8221;0px&#8221; button_border_color=&#8221;#0000FF&#8221; button_border_radius=&#8221;5px&#8221; button_letter_spacing=&#8221;0px&#8221; button_font=&#8221;Roboto|700||on|||||&#8221; button_use_icon=&#8221;off&#8221; custom_margin=&#8221;60px||||false|false&#8221; custom_padding=&#8221;10px|24px|10px|24px|true|true&#8221; box_shadow_style=&#8221;preset1&#8243; global_colors_info=&#8221;{}&#8221; button_bg_color__hover_enabled=&#8221;on|desktop&#8221; button_bg_color__hover=&#8221;#181818&#8243; button_bg_enable_color__hover=&#8221;on&#8221; button_border_color__hover_enabled=&#8221;on|desktop&#8221; button_border_color__hover=&#8221;#181818&#8243;][\/et_pb_button][\/et_pb_column][\/et_pb_row][\/et_pb_section]<\/p>\n","protected":false},"excerpt":{"rendered":"<p>RespekteraOm n\u00e5gon \u00f6ppnat sig f\u00f6r dig &#8211; respektera ber\u00e4ttelsens inneh\u00e5ll!Om en person delar med sig av sitt mindre bra m\u00e5ende f\u00f6r dig \u00e4r det viktigt att du tar emot ber\u00e4ttelsens inneh\u00e5ll lika varsamt som den har \u00f6verl\u00e4mnats. En persons inre f\u00e5r inte tas om hand f\u00f6r l\u00e4ttvindigt. \u00c4ven om det du har f\u00e5tt h\u00f6ra eventuellt [&hellip;]<\/p>\n","protected":false},"author":1,"featured_media":0,"parent":0,"menu_order":0,"comment_status":"closed","ping_status":"closed","template":"","meta":{"_et_pb_use_builder":"on","_et_pb_old_content":"<!-- wp:divi\/placeholder \/-->","_et_gb_content_width":"","footnotes":""},"class_list":["post-31","page","type-page","status-publish","hentry"],"yoast_head":"<!-- This site is optimized with the Yoast SEO plugin v27.4 - https:\/\/yoast.com\/product\/yoast-seo-wordpress\/ -->\n<title>Respektera - Always Mind<\/title>\n<meta name=\"robots\" content=\"index, follow, max-snippet:-1, max-image-preview:large, max-video-preview:-1\" \/>\n<link rel=\"canonical\" href=\"https:\/\/alwaysmind.se\/en\/respektera\/\" \/>\n<meta property=\"og:locale\" content=\"en_GB\" \/>\n<meta property=\"og:type\" content=\"article\" \/>\n<meta property=\"og:title\" content=\"Respektera - Always Mind\" \/>\n<meta property=\"og:description\" content=\"RespekteraOm n\u00e5gon \u00f6ppnat sig f\u00f6r dig - respektera ber\u00e4ttelsens inneh\u00e5ll!Om en person delar med sig av sitt mindre bra m\u00e5ende f\u00f6r dig \u00e4r det viktigt att du tar emot ber\u00e4ttelsens inneh\u00e5ll lika varsamt som den har \u00f6verl\u00e4mnats. En persons inre f\u00e5r inte tas om hand f\u00f6r l\u00e4ttvindigt. \u00c4ven om det du har f\u00e5tt h\u00f6ra eventuellt [&hellip;]\" \/>\n<meta property=\"og:url\" content=\"https:\/\/alwaysmind.se\/en\/respektera\/\" \/>\n<meta property=\"og:site_name\" content=\"Always Mind\" \/>\n<meta property=\"article:modified_time\" content=\"2023-02-21T16:17:57+00:00\" \/>\n<meta name=\"twitter:card\" content=\"summary_large_image\" \/>\n<meta name=\"twitter:label1\" content=\"Estimated reading time\" \/>\n\t<meta name=\"twitter:data1\" content=\"4 minutes\" \/>\n<script type=\"application\/ld+json\" class=\"yoast-schema-graph\">{\"@context\":\"https:\\\/\\\/schema.org\",\"@graph\":[{\"@type\":\"WebPage\",\"@id\":\"https:\\\/\\\/alwaysmind.se\\\/respektera\\\/\",\"url\":\"https:\\\/\\\/alwaysmind.se\\\/respektera\\\/\",\"name\":\"Respektera - Always Mind\",\"isPartOf\":{\"@id\":\"https:\\\/\\\/alwaysmind.se\\\/#website\"},\"datePublished\":\"2022-09-13T15:22:06+00:00\",\"dateModified\":\"2023-02-21T16:17:57+00:00\",\"breadcrumb\":{\"@id\":\"https:\\\/\\\/alwaysmind.se\\\/respektera\\\/#breadcrumb\"},\"inLanguage\":\"en-GB\",\"potentialAction\":[{\"@type\":\"ReadAction\",\"target\":[\"https:\\\/\\\/alwaysmind.se\\\/respektera\\\/\"]}]},{\"@type\":\"BreadcrumbList\",\"@id\":\"https:\\\/\\\/alwaysmind.se\\\/respektera\\\/#breadcrumb\",\"itemListElement\":[{\"@type\":\"ListItem\",\"position\":1,\"name\":\"Hem\",\"item\":\"https:\\\/\\\/alwaysmind.se\\\/\"},{\"@type\":\"ListItem\",\"position\":2,\"name\":\"Respektera\"}]},{\"@type\":\"WebSite\",\"@id\":\"https:\\\/\\\/alwaysmind.se\\\/#website\",\"url\":\"https:\\\/\\\/alwaysmind.se\\\/\",\"name\":\"Always Mind\",\"description\":\"Psykisk h\u00e4lsa hela \u00e5ret\",\"potentialAction\":[{\"@type\":\"SearchAction\",\"target\":{\"@type\":\"EntryPoint\",\"urlTemplate\":\"https:\\\/\\\/alwaysmind.se\\\/?s={search_term_string}\"},\"query-input\":{\"@type\":\"PropertyValueSpecification\",\"valueRequired\":true,\"valueName\":\"search_term_string\"}}],\"inLanguage\":\"en-GB\"}]}<\/script>\n<!-- \/ Yoast SEO plugin. -->","yoast_head_json":{"title":"Respektera - Always Mind","robots":{"index":"index","follow":"follow","max-snippet":"max-snippet:-1","max-image-preview":"max-image-preview:large","max-video-preview":"max-video-preview:-1"},"canonical":"https:\/\/alwaysmind.se\/en\/respektera\/","og_locale":"en_GB","og_type":"article","og_title":"Respektera - Always Mind","og_description":"RespekteraOm n\u00e5gon \u00f6ppnat sig f\u00f6r dig - respektera ber\u00e4ttelsens inneh\u00e5ll!Om en person delar med sig av sitt mindre bra m\u00e5ende f\u00f6r dig \u00e4r det viktigt att du tar emot ber\u00e4ttelsens inneh\u00e5ll lika varsamt som den har \u00f6verl\u00e4mnats. En persons inre f\u00e5r inte tas om hand f\u00f6r l\u00e4ttvindigt. \u00c4ven om det du har f\u00e5tt h\u00f6ra eventuellt [&hellip;]","og_url":"https:\/\/alwaysmind.se\/en\/respektera\/","og_site_name":"Always Mind","article_modified_time":"2023-02-21T16:17:57+00:00","twitter_card":"summary_large_image","twitter_misc":{"Estimated reading time":"4 minutes"},"schema":{"@context":"https:\/\/schema.org","@graph":[{"@type":"WebPage","@id":"https:\/\/alwaysmind.se\/respektera\/","url":"https:\/\/alwaysmind.se\/respektera\/","name":"Respektera - Always Mind","isPartOf":{"@id":"https:\/\/alwaysmind.se\/#website"},"datePublished":"2022-09-13T15:22:06+00:00","dateModified":"2023-02-21T16:17:57+00:00","breadcrumb":{"@id":"https:\/\/alwaysmind.se\/respektera\/#breadcrumb"},"inLanguage":"en-GB","potentialAction":[{"@type":"ReadAction","target":["https:\/\/alwaysmind.se\/respektera\/"]}]},{"@type":"BreadcrumbList","@id":"https:\/\/alwaysmind.se\/respektera\/#breadcrumb","itemListElement":[{"@type":"ListItem","position":1,"name":"Hem","item":"https:\/\/alwaysmind.se\/"},{"@type":"ListItem","position":2,"name":"Respektera"}]},{"@type":"WebSite","@id":"https:\/\/alwaysmind.se\/#website","url":"https:\/\/alwaysmind.se\/","name":"Always Mind","description":"Psykisk h\u00e4lsa hela \u00e5ret","potentialAction":[{"@type":"SearchAction","target":{"@type":"EntryPoint","urlTemplate":"https:\/\/alwaysmind.se\/?s={search_term_string}"},"query-input":{"@type":"PropertyValueSpecification","valueRequired":true,"valueName":"search_term_string"}}],"inLanguage":"en-GB"}]}},"_links":{"self":[{"href":"https:\/\/alwaysmind.se\/en\/wp-json\/wp\/v2\/pages\/31","targetHints":{"allow":["GET"]}}],"collection":[{"href":"https:\/\/alwaysmind.se\/en\/wp-json\/wp\/v2\/pages"}],"about":[{"href":"https:\/\/alwaysmind.se\/en\/wp-json\/wp\/v2\/types\/page"}],"author":[{"embeddable":true,"href":"https:\/\/alwaysmind.se\/en\/wp-json\/wp\/v2\/users\/1"}],"replies":[{"embeddable":true,"href":"https:\/\/alwaysmind.se\/en\/wp-json\/wp\/v2\/comments?post=31"}],"version-history":[{"count":5,"href":"https:\/\/alwaysmind.se\/en\/wp-json\/wp\/v2\/pages\/31\/revisions"}],"predecessor-version":[{"id":878,"href":"https:\/\/alwaysmind.se\/en\/wp-json\/wp\/v2\/pages\/31\/revisions\/878"}],"wp:attachment":[{"href":"https:\/\/alwaysmind.se\/en\/wp-json\/wp\/v2\/media?parent=31"}],"curies":[{"name":"wp","href":"https:\/\/api.w.org\/{rel}","templated":true}]}}