{"id":3890,"date":"2026-02-10T15:56:08","date_gmt":"2026-02-10T14:56:08","guid":{"rendered":"https:\/\/alwaysmind.se\/?page_id=3890"},"modified":"2026-02-10T17:05:22","modified_gmt":"2026-02-10T16:05:22","slug":"tablettask-psykisk-halsa-aret-om","status":"publish","type":"page","link":"https:\/\/alwaysmind.se\/en\/tablettask-psykisk-halsa-aret-om\/","title":{"rendered":"Tablettask &#8211; Psykisk h\u00e4lsa \u00e5ret om\u00a0"},"content":{"rendered":"<p>[et_pb_section fb_built=&#8221;1&#8243; admin_label=&#8221;TBVS &#8211; Light &#8211; Header 13&#8243; module_class=&#8221;tbvs-section-light&#8221; _builder_version=&#8221;4.23.1&#8243; _module_preset=&#8221;default&#8221; min_height=&#8221;90vh&#8221; custom_padding=&#8221;0px||0px||true|false&#8221; custom_css_main_element=&#8221;display: flex;||flex-direction: column;||justify-content: center;&#8221; global_colors_info=&#8221;{}&#8221;][et_pb_row _builder_version=&#8221;4.16&#8243; _module_preset=&#8221;default&#8221; max_width=&#8221;750px&#8221; custom_margin=&#8221;0px||0px||true|false&#8221; custom_padding=&#8221;||11px|||&#8221; global_colors_info=&#8221;{}&#8221;][et_pb_column type=&#8221;4_4&#8243; _builder_version=&#8221;4.16&#8243; _module_preset=&#8221;default&#8221; global_colors_info=&#8221;{}&#8221;][et_pb_text _builder_version=&#8221;4.27.4&#8243; _module_preset=&#8221;default&#8221; header_font=&#8221;Barlow Condensed|700||on|||||&#8221; header_text_color=&#8221;#181818&#8243; header_font_size=&#8221;80px&#8221; header_letter_spacing=&#8221;-2px&#8221; header_line_height=&#8221;1.1em&#8221; text_orientation=&#8221;center&#8221; custom_margin=&#8221;||0px||false|false&#8221; custom_padding=&#8221;||0px||false|false&#8221; header_font_size_tablet=&#8221;80px&#8221; header_font_size_phone=&#8221;48px&#8221; header_font_size_last_edited=&#8221;on|tablet&#8221; global_colors_info=&#8221;{}&#8221;]<\/p>\n<h1 style=\"text-align: center;\"><span data-olk-copy-source=\"MessageBody\">Tablettaskarna<\/span><\/h1>\n<p>[\/et_pb_text][et_pb_text _builder_version=&#8221;4.27.5&#8243; _module_preset=&#8221;default&#8221; text_font=&#8221;Barlow Condensed|700||on|||||&#8221; text_text_color=&#8221;#cf639d&#8221; text_font_size=&#8221;38px&#8221; text_line_height=&#8221;1.1em&#8221; header_3_font=&#8221;Montserrat|800|||||||&#8221; header_3_text_color=&#8221;#181818&#8243; header_3_font_size=&#8221;20px&#8221; header_3_line_height=&#8221;1.1em&#8221; text_orientation=&#8221;center&#8221; custom_margin=&#8221;0px||20px||false|false&#8221; custom_padding=&#8221;0px||0px||false|false&#8221; global_colors_info=&#8221;{}&#8221;]<\/p>\n<p><span>Tala Fr\u00e5ga Lyssna Respektera\u00a0<\/span><\/p>\n<p>[\/et_pb_text][et_pb_image src=&#8221;https:\/\/alwaysmind.se\/wp-content\/uploads\/2026\/02\/Tablettaskar-psykologisk-halsa-1024&#215;1024.jpg&#8221; alt=&#8221;Tablettaskar &#8211; Tala Fr\u00e5ga Lyssna Respektera &#8221; title_text=&#8221;Tablettaskar-psykologisk h\u00e4lsa&#8221; align=&#8221;center&#8221; _builder_version=&#8221;4.27.5&#8243; _module_preset=&#8221;default&#8221; height_tablet=&#8221;&#8221; height_phone=&#8221;&#8221; height_last_edited=&#8221;on|phone&#8221; custom_margin=&#8221;0px||-40px||false|false&#8221; border_radii=&#8221;on|20px|20px|20px|20px&#8221; global_colors_info=&#8221;{}&#8221;][\/et_pb_image][\/et_pb_column][\/et_pb_row][et_pb_row _builder_version=&#8221;4.16&#8243; _module_preset=&#8221;default&#8221; max_width=&#8221;750px&#8221; custom_margin=&#8221;0px||0px||true|false&#8221; custom_padding=&#8221;11px|||||&#8221; global_colors_info=&#8221;{}&#8221;][et_pb_column type=&#8221;4_4&#8243; _builder_version=&#8221;4.16&#8243; _module_preset=&#8221;default&#8221; global_colors_info=&#8221;{}&#8221;][\/et_pb_column][\/et_pb_row][et_pb_row module_class=&#8221;tbvs-inline-button-center&#8221; _builder_version=&#8221;4.18.0&#8243; _module_preset=&#8221;default&#8221; max_width=&#8221;750px&#8221; custom_margin=&#8221;0px||0px||true|false&#8221; custom_padding=&#8221;||15px|||&#8221; global_colors_info=&#8221;{}&#8221;][et_pb_column type=&#8221;4_4&#8243; _builder_version=&#8221;4.16&#8243; _module_preset=&#8221;default&#8221; global_colors_info=&#8221;{}&#8221;][et_pb_text _builder_version=&#8221;4.27.5&#8243; _module_preset=&#8221;default&#8221; text_font=&#8221;Open Sans||||||||&#8221; text_font_size=&#8221;16px&#8221; custom_padding=&#8221;1px||0px|||&#8221; global_colors_info=&#8221;{}&#8221;]<\/p>\n<p>Tablettaskarna b\u00e4r samma medm\u00e4nskliga st\u00f6dord som Always Minds \u00f6vriga material; Tala, fr\u00e5ga lyssna och respektera. De \u00e4r ocks\u00e5 utrustade med QR-koden som leder in till vidare hj\u00e4lporganisationer inom psykisk oh\u00e4lsa. Det ska varat l\u00e4tt hitta r\u00e4tt hj\u00e4lp n\u00e4r vi beh\u00f6ver.<\/p>\n<p>Att vi har valt att lansera orden i samband med just godisaskar \u00e4r f\u00f6r att det kan vara en f\u00f6rdel att starta de d\u00e4r laddade och sv\u00e5ra samtalen med n\u00e5gonting s\u00f6tt. Till och med bl\u00e5sljuspersonal har ibland med sig n\u00e5gon godsak i fickan f\u00f6r att m\u00f6ta de mest kritiska psykiska l\u00e4gena.\u00a0<\/p>\n<p>Tablettaskarna finns i smakerna mint och fruktblandning.\u00a0<\/p>\n<p>Var r\u00e4dda om varandra &#8211; sm\u00e5 omsorger g\u00f6r stor skillnad.\u00a0<\/p>\n<p>[\/et_pb_text][et_pb_text _builder_version=&#8221;4.27.4&#8243; _module_preset=&#8221;default&#8221; text_font=&#8221;Open Sans||||||||&#8221; text_font_size=&#8221;16px&#8221; custom_padding=&#8221;1px||0px|||&#8221; global_colors_info=&#8221;{}&#8221;][\/et_pb_text][\/et_pb_column][\/et_pb_row][et_pb_row _builder_version=&#8221;4.22.1&#8243; _module_preset=&#8221;default&#8221; width=&#8221;100%&#8221; max_width=&#8221;750px&#8221; custom_margin=&#8221;30px|auto|31px|auto|false|false&#8221; custom_padding=&#8221;50px||5px||false|false&#8221; global_colors_info=&#8221;{}&#8221;][et_pb_column type=&#8221;4_4&#8243; _builder_version=&#8221;4.22.1&#8243; _module_preset=&#8221;default&#8221; global_colors_info=&#8221;{}&#8221;][et_pb_divider color=&#8221;#cf639d&#8221; _builder_version=&#8221;4.22.1&#8243; _module_preset=&#8221;default&#8221; width=&#8221;70%&#8221; module_alignment=&#8221;center&#8221; global_colors_info=&#8221;{}&#8221;][\/et_pb_divider][\/et_pb_column][\/et_pb_row][\/et_pb_section][et_pb_section fb_built=&#8221;1&#8243; admin_label=&#8221;TBVS &#8211; Light &#8211; Header 13&#8243; module_class=&#8221;tbvs-section-light&#8221; _builder_version=&#8221;4.23.4&#8243; _module_preset=&#8221;default&#8221; min_height=&#8221;90vh&#8221; custom_margin=&#8221;0px||||false|false&#8221; custom_padding=&#8221;0px||||false|false&#8221; custom_css_main_element=&#8221;display: flex;||flex-direction: column;||justify-content: center;&#8221; global_colors_info=&#8221;{}&#8221;][et_pb_row module_class=&#8221;tbvs-inline-button-center&#8221; _builder_version=&#8221;4.22.1&#8243; _module_preset=&#8221;default&#8221; max_width=&#8221;750px&#8221; custom_margin=&#8221;0px||0px||true|false&#8221; custom_padding=&#8221;0px||0px||false|false&#8221; global_colors_info=&#8221;{}&#8221;][et_pb_column type=&#8221;4_4&#8243; _builder_version=&#8221;4.16&#8243; _module_preset=&#8221;default&#8221; global_colors_info=&#8221;{}&#8221;][et_pb_text _builder_version=&#8221;4.22.1&#8243; _module_preset=&#8221;default&#8221; header_font=&#8221;Barlow Condensed|700||on|||||&#8221; header_text_color=&#8221;#181818&#8243; header_font_size=&#8221;80px&#8221; header_letter_spacing=&#8221;-2px&#8221; header_line_height=&#8221;1.1em&#8221; text_orientation=&#8221;center&#8221; custom_margin=&#8221;||0px||false|false&#8221; custom_padding=&#8221;||0px||false|false&#8221; header_font_size_tablet=&#8221;80px&#8221; header_font_size_phone=&#8221;48px&#8221; header_font_size_last_edited=&#8221;on|phone&#8221; global_colors_info=&#8221;{}&#8221;]<\/p>\n<h1 style=\"text-align: center;\">\u00c4r du intresserad<\/h1>\n<p>[\/et_pb_text][et_pb_text _builder_version=&#8221;4.27.4&#8243; _module_preset=&#8221;default&#8221; text_font=&#8221;Barlow Condensed|700||on|||||&#8221; text_text_color=&#8221;#cf639d&#8221; text_font_size=&#8221;38px&#8221; text_line_height=&#8221;1.1em&#8221; header_3_font=&#8221;Montserrat|800|||||||&#8221; header_3_text_color=&#8221;#181818&#8243; header_3_font_size=&#8221;20px&#8221; header_3_line_height=&#8221;1.1em&#8221; text_orientation=&#8221;center&#8221; custom_margin=&#8221;0px||40px||false|false&#8221; custom_padding=&#8221;0px||0px||false|false&#8221; global_colors_info=&#8221;{}&#8221;]<\/p>\n<p>Fyll i formul\u00e4ret s\u00e5 \u00e5terkommer vi till dig s\u00e5 snart som m\u00f6jligt<\/p>\n<p>[\/et_pb_text][\/et_pb_column][\/et_pb_row][et_pb_row module_id=&#8221;talong&#8221; module_class=&#8221;tbvs-inline-button-center&#8221; _builder_version=&#8221;4.23.4&#8243; _module_preset=&#8221;default&#8221; max_width=&#8221;750px&#8221; custom_margin=&#8221;0px||0px||true|false&#8221; custom_padding=&#8221;34px|33px|34px|33px|true|true&#8221; border_radii=&#8221;on|20px|20px|20px|20px&#8221; border_width_all=&#8221;1px&#8221; border_color_all=&#8221;rgba(0,0,0,0.15)&#8221; box_shadow_style=&#8221;preset2&#8243; global_colors_info=&#8221;{}&#8221;][et_pb_column type=&#8221;4_4&#8243; _builder_version=&#8221;4.16&#8243; _module_preset=&#8221;default&#8221; global_colors_info=&#8221;{}&#8221;][et_pb_contact_form email=&#8221;kontakt@alwaysmind.se&#8221; success_message=&#8221;Heja dig som \u00e4r intresserad av att arbeta med den psykiska h\u00e4lsan! Vi h\u00f6r av oss s\u00e5 snart vi bara kan. \u00d6nskar dig en fantastisk dag!  \/\/Always Mind-teamet &#8221; admin_label=&#8221;Kontaktformul\u00e4r&#8221; _builder_version=&#8221;4.27.5&#8243; _module_preset=&#8221;default&#8221; _unique_id=&#8221;e664e0e1-d78a-40e1-bff5-087597865414&#8243; form_field_background_color=&#8221;rgba(207,99,157,0.1)&#8221; form_field_text_color=&#8221;#000000&#8243; captcha_font=&#8221;Open Sans|600|||||||&#8221; captcha_font_size=&#8221;16px&#8221; form_field_font=&#8221;Open Sans||||||||&#8221; form_field_font_size=&#8221;16px&#8221; custom_button=&#8221;on&#8221; button_text_size=&#8221;18px&#8221; button_text_color=&#8221;#FFFFFF&#8221; button_bg_color=&#8221;#cf639d&#8221; button_border_width=&#8221;0px&#8221; button_border_radius=&#8221;6px&#8221; button_font=&#8221;Barlow Condensed|700||on|||||&#8221; button_custom_padding=&#8221;6px|20px|6px|20px|true|true&#8221; box_shadow_style_button=&#8221;preset2&#8243; global_module=&#8221;3547&#8243; global_colors_info=&#8221;{}&#8221;][et_pb_contact_field field_id=&#8221;F\u00f6retag&#8221; field_title=&#8221;F\u00f6retag&#8221; fullwidth_field=&#8221;on&#8221; _builder_version=&#8221;4.22.2&#8243; _module_preset=&#8221;default&#8221; global_colors_info=&#8221;{}&#8221;][\/et_pb_contact_field][et_pb_contact_field field_id=&#8221;E-mail&#8221; field_title=&#8221;E-mail&#8221; field_type=&#8221;email&#8221; fullwidth_field=&#8221;on&#8221; _builder_version=&#8221;4.22.2&#8243; _module_preset=&#8221;default&#8221; global_colors_info=&#8221;{}&#8221;][\/et_pb_contact_field][et_pb_contact_field field_id=&#8221;Kontaktperson&#8221; field_title=&#8221;Kontaktperson&#8221; fullwidth_field=&#8221;on&#8221; _builder_version=&#8221;4.22.2&#8243; _module_preset=&#8221;default&#8221; global_colors_info=&#8221;{}&#8221;][\/et_pb_contact_field][et_pb_contact_field field_id=&#8221;Phone&#8221; field_title=&#8221;Telefon&#8221; allowed_symbols=&#8221;numbers&#8221; fullwidth_field=&#8221;on&#8221; _builder_version=&#8221;4.22.1&#8243; _module_preset=&#8221;default&#8221; global_colors_info=&#8221;{}&#8221;][\/et_pb_contact_field][et_pb_contact_field field_id=&#8221;Message&#8221; field_title=&#8221;Meddelande&#8221; field_type=&#8221;text&#8221; fullwidth_field=&#8221;on&#8221; _builder_version=&#8221;4.22.1&#8243; global_colors_info=&#8221;{}&#8221; button_text_size__hover_enabled=&#8221;off&#8221; button_one_text_size__hover_enabled=&#8221;off&#8221; button_two_text_size__hover_enabled=&#8221;off&#8221; button_text_color__hover_enabled=&#8221;off&#8221; button_one_text_color__hover_enabled=&#8221;off&#8221; button_two_text_color__hover_enabled=&#8221;off&#8221; button_border_width__hover_enabled=&#8221;off&#8221; button_one_border_width__hover_enabled=&#8221;off&#8221; button_two_border_width__hover_enabled=&#8221;off&#8221; button_border_color__hover_enabled=&#8221;off&#8221; button_one_border_color__hover_enabled=&#8221;off&#8221; button_two_border_color__hover_enabled=&#8221;off&#8221; button_border_radius__hover_enabled=&#8221;off&#8221; button_one_border_radius__hover_enabled=&#8221;off&#8221; button_two_border_radius__hover_enabled=&#8221;off&#8221; button_letter_spacing__hover_enabled=&#8221;off&#8221; button_one_letter_spacing__hover_enabled=&#8221;off&#8221; button_two_letter_spacing__hover_enabled=&#8221;off&#8221; button_bg_color__hover_enabled=&#8221;off&#8221; button_one_bg_color__hover_enabled=&#8221;off&#8221; button_two_bg_color__hover_enabled=&#8221;off&#8221; field_title__hover_enabled=&#8221;on|desktop&#8221; field_title__hover=&#8221;Meddelande&#8221;][\/et_pb_contact_field][et_pb_contact_field field_id=&#8221;Vi_\u00e4r_intresserade_av&#8221; field_title=&#8221;Jag \u00e4r intresserad av:&#8221; field_type=&#8221;checkbox&#8221; checkbox_options=&#8221;%91{%22value%22:%221. F\u00f6rel\u00e4sningen%22,%22checked%22:0,%22dragID%22:-1},{%22value%22:%222. Tavlan%22,%22checked%22:0,%22dragID%22:0},{%22value%22:%223. Tr\u00e4ningen%22,%22checked%22:0,%22dragID%22:1},{%22value%22:%224. Samtalsst\u00f6d 1:1%22,%22checked%22:0,%22dragID%22:2},{%22value%22:%225. Utbildningen AOSP-A (Akut omh\u00e4ndertagande av sj\u00e4lvmordsn\u00e4ra person) KI%22,%22checked%22:0,%22dragID%22:3},{%22value%22:%226. Utbildningen %92%22F\u00f6rsta hj\u00e4lpen till Psykisk h\u00e4lsa%92%22 (MHFA Mental Health First Aid) KI%22,%22checked%22:0,%22dragID%22:4},{%22value%22:%227. F\u00f6rel\u00e4sningsfilmen%22,%22checked%22:0,%22dragID%22:5},{%22value%22:%228. Kortfilmerna%22,%22checked%22:0,%22dragID%22:6},{%22value%22:%229. Korten%22,%22checked%22:0,%22dragID%22:7},{%22value%22:%2210. Boken%22,%22checked%22:0,%22dragID%22:8},{%22value%22:%2211. Affischen %22,%22checked%22:0,%22dragID%22:9},{%22value%22:%2212. \u00d6rngotten%22,%22checked%22:0,%22dragID%22:10},{%22value%22:%2213. Tablettaskar%22,%22checked%22:0,%22dragID%22:12},{%22value%22:%2214. N\u00e5got annat?%22,%22checked%22:0,%22dragID%22:11}%93&#8243; required_mark=&#8221;off&#8221; fullwidth_field=&#8221;on&#8221; _builder_version=&#8221;4.27.5&#8243; _module_preset=&#8221;default&#8221; border_width_all=&#8221;1px&#8221; global_colors_info=&#8221;{}&#8221;][\/et_pb_contact_field][et_pb_contact_field field_id=&#8221;samtycke&#8221; field_title=&#8221;GDPR &#8211; samtycke&#8221; field_type=&#8221;checkbox&#8221; checkbox_options=&#8221;%91{%22value%22:%22Jag godk\u00e4nner att uppgifter jag l\u00e4mnar kan behandlas enligt Always Minds integritetspolicy%22,%22checked%22:0,%22dragID%22:-1}%93&#8243; fullwidth_field=&#8221;on&#8221; _builder_version=&#8221;4.27.4&#8243; _module_preset=&#8221;default&#8221; global_colors_info=&#8221;{}&#8221;][\/et_pb_contact_field][\/et_pb_contact_form][\/et_pb_column][\/et_pb_row][\/et_pb_section]<\/p>\n","protected":false},"excerpt":{"rendered":"<p>TablettaskarnaTala Fr\u00e5ga Lyssna Respektera\u00a0Tablettaskarna b\u00e4r samma medm\u00e4nskliga st\u00f6dord som Always Minds \u00f6vriga material; Tala, fr\u00e5ga lyssna och respektera. De \u00e4r ocks\u00e5 utrustade med QR-koden som leder in till vidare hj\u00e4lporganisationer inom psykisk oh\u00e4lsa. Det ska varat l\u00e4tt hitta r\u00e4tt hj\u00e4lp n\u00e4r vi beh\u00f6ver. Att vi har valt att lansera orden i samband med just godisaskar [&hellip;]<\/p>\n","protected":false},"author":4,"featured_media":0,"parent":0,"menu_order":0,"comment_status":"closed","ping_status":"closed","template":"","meta":{"_et_pb_use_builder":"on","_et_pb_old_content":"","_et_gb_content_width":"","footnotes":""},"class_list":["post-3890","page","type-page","status-publish","hentry"],"yoast_head":"<!-- This site is optimized with the Yoast SEO plugin v27.5 - https:\/\/yoast.com\/product\/yoast-seo-wordpress\/ -->\n<title>Tablettask - Psykisk h\u00e4lsa \u00e5ret om\u00a0 - Always Mind<\/title>\n<meta name=\"robots\" content=\"index, follow, max-snippet:-1, max-image-preview:large, max-video-preview:-1\" \/>\n<link rel=\"canonical\" href=\"https:\/\/alwaysmind.se\/en\/tablettask-psykisk-halsa-aret-om\/\" \/>\n<meta property=\"og:locale\" content=\"en_GB\" \/>\n<meta property=\"og:type\" content=\"article\" \/>\n<meta property=\"og:title\" content=\"Tablettask - Psykisk h\u00e4lsa \u00e5ret om\u00a0 - Always Mind\" \/>\n<meta property=\"og:description\" content=\"TablettaskarnaTala Fr\u00e5ga Lyssna Respektera\u00a0Tablettaskarna b\u00e4r samma medm\u00e4nskliga st\u00f6dord som Always Minds \u00f6vriga material; Tala, fr\u00e5ga lyssna och respektera. De \u00e4r ocks\u00e5 utrustade med QR-koden som leder in till vidare hj\u00e4lporganisationer inom psykisk oh\u00e4lsa. Det ska varat l\u00e4tt hitta r\u00e4tt hj\u00e4lp n\u00e4r vi beh\u00f6ver. Att vi har valt att lansera orden i samband med just godisaskar [&hellip;]\" \/>\n<meta property=\"og:url\" content=\"https:\/\/alwaysmind.se\/en\/tablettask-psykisk-halsa-aret-om\/\" \/>\n<meta property=\"og:site_name\" content=\"Always Mind\" \/>\n<meta property=\"article:modified_time\" content=\"2026-02-10T16:05:22+00:00\" \/>\n<meta name=\"twitter:card\" content=\"summary_large_image\" \/>\n<meta name=\"twitter:label1\" content=\"Estimated reading time\" \/>\n\t<meta name=\"twitter:data1\" content=\"1 minute\" \/>\n<script type=\"application\/ld+json\" class=\"yoast-schema-graph\">{\"@context\":\"https:\\\/\\\/schema.org\",\"@graph\":[{\"@type\":\"WebPage\",\"@id\":\"https:\\\/\\\/alwaysmind.se\\\/tablettask-psykisk-halsa-aret-om\\\/\",\"url\":\"https:\\\/\\\/alwaysmind.se\\\/tablettask-psykisk-halsa-aret-om\\\/\",\"name\":\"Tablettask - Psykisk h\u00e4lsa \u00e5ret om\u00a0 - Always Mind\",\"isPartOf\":{\"@id\":\"https:\\\/\\\/alwaysmind.se\\\/#website\"},\"datePublished\":\"2026-02-10T14:56:08+00:00\",\"dateModified\":\"2026-02-10T16:05:22+00:00\",\"breadcrumb\":{\"@id\":\"https:\\\/\\\/alwaysmind.se\\\/tablettask-psykisk-halsa-aret-om\\\/#breadcrumb\"},\"inLanguage\":\"en-GB\",\"potentialAction\":[{\"@type\":\"ReadAction\",\"target\":[\"https:\\\/\\\/alwaysmind.se\\\/tablettask-psykisk-halsa-aret-om\\\/\"]}]},{\"@type\":\"BreadcrumbList\",\"@id\":\"https:\\\/\\\/alwaysmind.se\\\/tablettask-psykisk-halsa-aret-om\\\/#breadcrumb\",\"itemListElement\":[{\"@type\":\"ListItem\",\"position\":1,\"name\":\"Hem\",\"item\":\"https:\\\/\\\/alwaysmind.se\\\/\"},{\"@type\":\"ListItem\",\"position\":2,\"name\":\"Tablettask &#8211; Psykisk h\u00e4lsa \u00e5ret om\u00a0\"}]},{\"@type\":\"WebSite\",\"@id\":\"https:\\\/\\\/alwaysmind.se\\\/#website\",\"url\":\"https:\\\/\\\/alwaysmind.se\\\/\",\"name\":\"Always Mind\",\"description\":\"Psykisk h\u00e4lsa hela \u00e5ret\",\"potentialAction\":[{\"@type\":\"SearchAction\",\"target\":{\"@type\":\"EntryPoint\",\"urlTemplate\":\"https:\\\/\\\/alwaysmind.se\\\/?s={search_term_string}\"},\"query-input\":{\"@type\":\"PropertyValueSpecification\",\"valueRequired\":true,\"valueName\":\"search_term_string\"}}],\"inLanguage\":\"en-GB\"}]}<\/script>\n<!-- \/ Yoast SEO plugin. -->","yoast_head_json":{"title":"Tablettask - Psykisk h\u00e4lsa \u00e5ret om\u00a0 - Always Mind","robots":{"index":"index","follow":"follow","max-snippet":"max-snippet:-1","max-image-preview":"max-image-preview:large","max-video-preview":"max-video-preview:-1"},"canonical":"https:\/\/alwaysmind.se\/en\/tablettask-psykisk-halsa-aret-om\/","og_locale":"en_GB","og_type":"article","og_title":"Tablettask - Psykisk h\u00e4lsa \u00e5ret om\u00a0 - Always Mind","og_description":"TablettaskarnaTala Fr\u00e5ga Lyssna Respektera\u00a0Tablettaskarna b\u00e4r samma medm\u00e4nskliga st\u00f6dord som Always Minds \u00f6vriga material; Tala, fr\u00e5ga lyssna och respektera. De \u00e4r ocks\u00e5 utrustade med QR-koden som leder in till vidare hj\u00e4lporganisationer inom psykisk oh\u00e4lsa. Det ska varat l\u00e4tt hitta r\u00e4tt hj\u00e4lp n\u00e4r vi beh\u00f6ver. Att vi har valt att lansera orden i samband med just godisaskar [&hellip;]","og_url":"https:\/\/alwaysmind.se\/en\/tablettask-psykisk-halsa-aret-om\/","og_site_name":"Always Mind","article_modified_time":"2026-02-10T16:05:22+00:00","twitter_card":"summary_large_image","twitter_misc":{"Estimated reading time":"1 minute"},"schema":{"@context":"https:\/\/schema.org","@graph":[{"@type":"WebPage","@id":"https:\/\/alwaysmind.se\/tablettask-psykisk-halsa-aret-om\/","url":"https:\/\/alwaysmind.se\/tablettask-psykisk-halsa-aret-om\/","name":"Tablettask - Psykisk h\u00e4lsa \u00e5ret om\u00a0 - Always Mind","isPartOf":{"@id":"https:\/\/alwaysmind.se\/#website"},"datePublished":"2026-02-10T14:56:08+00:00","dateModified":"2026-02-10T16:05:22+00:00","breadcrumb":{"@id":"https:\/\/alwaysmind.se\/tablettask-psykisk-halsa-aret-om\/#breadcrumb"},"inLanguage":"en-GB","potentialAction":[{"@type":"ReadAction","target":["https:\/\/alwaysmind.se\/tablettask-psykisk-halsa-aret-om\/"]}]},{"@type":"BreadcrumbList","@id":"https:\/\/alwaysmind.se\/tablettask-psykisk-halsa-aret-om\/#breadcrumb","itemListElement":[{"@type":"ListItem","position":1,"name":"Hem","item":"https:\/\/alwaysmind.se\/"},{"@type":"ListItem","position":2,"name":"Tablettask &#8211; Psykisk h\u00e4lsa \u00e5ret om\u00a0"}]},{"@type":"WebSite","@id":"https:\/\/alwaysmind.se\/#website","url":"https:\/\/alwaysmind.se\/","name":"Always Mind","description":"Psykisk h\u00e4lsa hela \u00e5ret","potentialAction":[{"@type":"SearchAction","target":{"@type":"EntryPoint","urlTemplate":"https:\/\/alwaysmind.se\/?s={search_term_string}"},"query-input":{"@type":"PropertyValueSpecification","valueRequired":true,"valueName":"search_term_string"}}],"inLanguage":"en-GB"}]}},"_links":{"self":[{"href":"https:\/\/alwaysmind.se\/en\/wp-json\/wp\/v2\/pages\/3890","targetHints":{"allow":["GET"]}}],"collection":[{"href":"https:\/\/alwaysmind.se\/en\/wp-json\/wp\/v2\/pages"}],"about":[{"href":"https:\/\/alwaysmind.se\/en\/wp-json\/wp\/v2\/types\/page"}],"author":[{"embeddable":true,"href":"https:\/\/alwaysmind.se\/en\/wp-json\/wp\/v2\/users\/4"}],"replies":[{"embeddable":true,"href":"https:\/\/alwaysmind.se\/en\/wp-json\/wp\/v2\/comments?post=3890"}],"version-history":[{"count":5,"href":"https:\/\/alwaysmind.se\/en\/wp-json\/wp\/v2\/pages\/3890\/revisions"}],"predecessor-version":[{"id":3911,"href":"https:\/\/alwaysmind.se\/en\/wp-json\/wp\/v2\/pages\/3890\/revisions\/3911"}],"wp:attachment":[{"href":"https:\/\/alwaysmind.se\/en\/wp-json\/wp\/v2\/media?parent=3890"}],"curies":[{"name":"wp","href":"https:\/\/api.w.org\/{rel}","templated":true}]}}