{"id":4112,"date":"2026-04-18T15:55:44","date_gmt":"2026-04-18T13:55:44","guid":{"rendered":"https:\/\/alwaysmind.se\/?page_id=4112"},"modified":"2026-04-18T15:55:54","modified_gmt":"2026-04-18T13:55:54","slug":"utbildning-aosp-allmanheten","status":"publish","type":"page","link":"https:\/\/alwaysmind.se\/en\/utbildning-aosp-allmanheten\/","title":{"rendered":"Utbildning AOSP Allm\u00e4nheten"},"content":{"rendered":"<p>[et_pb_section fb_built=&#8221;1&#8243; _builder_version=&#8221;4.27.4&#8243; _module_preset=&#8221;default&#8221; background_enable_color=&#8221;off&#8221; background_enable_image=&#8221;off&#8221; global_colors_info=&#8221;{}&#8221; theme_builder_area=&#8221;post_content&#8221;][et_pb_row _builder_version=&#8221;4.27.4&#8243; _module_preset=&#8221;default&#8221; max_width=&#8221;750px&#8221; global_colors_info=&#8221;{}&#8221; theme_builder_area=&#8221;post_content&#8221;][et_pb_column type=&#8221;4_4&#8243; _builder_version=&#8221;4.22.1&#8243; _module_preset=&#8221;default&#8221; global_colors_info=&#8221;{}&#8221; theme_builder_area=&#8221;post_content&#8221;][et_pb_text _builder_version=&#8221;4.27.4&#8243; _module_preset=&#8221;default&#8221; header_font=&#8221;Barlow Condensed|700||on|||||&#8221; header_text_color=&#8221;#181818&#8243; header_font_size=&#8221;80px&#8221; header_letter_spacing=&#8221;-2px&#8221; header_line_height=&#8221;1.1em&#8221; text_orientation=&#8221;center&#8221; custom_margin=&#8221;||0px||false|false&#8221; custom_padding=&#8221;||0px||false|false&#8221; header_font_size_tablet=&#8221;80px&#8221; header_font_size_phone=&#8221;48px&#8221; header_font_size_last_edited=&#8221;on|phone&#8221; global_colors_info=&#8221;{}&#8221; theme_builder_area=&#8221;post_content&#8221;]<\/p>\n<h1 style=\"text-align: center;\">Utbildningar<\/h1>\n<p>[\/et_pb_text][\/et_pb_column][\/et_pb_row][\/et_pb_section][et_pb_section fb_built=&#8221;1&#8243; _builder_version=&#8221;4.27.4&#8243; _module_preset=&#8221;default&#8221; background_color=&#8221;#cf639d&#8221; background_enable_image=&#8221;off&#8221; global_colors_info=&#8221;{}&#8221; theme_builder_area=&#8221;post_content&#8221;][et_pb_row _builder_version=&#8221;4.22.1&#8243; _module_preset=&#8221;default&#8221; max_width=&#8221;750px&#8221; global_colors_info=&#8221;{}&#8221; theme_builder_area=&#8221;post_content&#8221;][et_pb_column type=&#8221;4_4&#8243; _builder_version=&#8221;4.22.1&#8243; _module_preset=&#8221;default&#8221; global_colors_info=&#8221;{}&#8221; theme_builder_area=&#8221;post_content&#8221;][et_pb_text _builder_version=&#8221;4.27.4&#8243; _module_preset=&#8221;default&#8221; text_text_color=&#8221;#FFFFFF&#8221; header_font=&#8221;Barlow Condensed|700||on|||||&#8221; header_text_color=&#8221;#FFFFFF&#8221; header_font_size=&#8221;80px&#8221; header_letter_spacing=&#8221;-2px&#8221; header_line_height=&#8221;1.1em&#8221; text_orientation=&#8221;center&#8221; custom_margin=&#8221;||0px||false|false&#8221; custom_padding=&#8221;||0px||false|false&#8221; header_font_size_tablet=&#8221;80px&#8221; header_font_size_phone=&#8221;48px&#8221; header_font_size_last_edited=&#8221;on|phone&#8221; global_colors_info=&#8221;{}&#8221; theme_builder_area=&#8221;post_content&#8221;]<\/p>\n<h1 style=\"text-align: center;\"><strong>AOSP-Allm\u00e4nheten<\/strong><\/h1>\n<p>[\/et_pb_text][\/et_pb_column][\/et_pb_row][\/et_pb_section][et_pb_section fb_built=&#8221;1&#8243; admin_label=&#8221;TBVS &#8211; Light &#8211; Header 13&#8243; module_class=&#8221;tbvs-section-light&#8221; _builder_version=&#8221;4.16&#8243; _module_preset=&#8221;default&#8221; min_height=&#8221;90vh&#8221; custom_padding=&#8221;30px||24px|||&#8221; custom_css_main_element=&#8221;display: flex;||flex-direction: column;||justify-content: center;&#8221; global_colors_info=&#8221;{}&#8221; theme_builder_area=&#8221;post_content&#8221;][et_pb_row _builder_version=&#8221;4.22.1&#8243; _module_preset=&#8221;default&#8221; max_width=&#8221;750px&#8221; global_colors_info=&#8221;{}&#8221; theme_builder_area=&#8221;post_content&#8221;][et_pb_column type=&#8221;4_4&#8243; _builder_version=&#8221;4.22.1&#8243; _module_preset=&#8221;default&#8221; global_colors_info=&#8221;{}&#8221; theme_builder_area=&#8221;post_content&#8221;][et_pb_image src=&#8221;https:\/\/alwaysmind.se\/wp-content\/uploads\/2025\/03\/IMG_2304-scaled.jpeg&#8221; title_text=&#8221;IMG_2304&#8243; align=&#8221;center&#8221; _builder_version=&#8221;4.27.4&#8243; _module_preset=&#8221;default&#8221; width=&#8221;70%&#8221; width_tablet=&#8221;80%&#8221; width_phone=&#8221;75%&#8221; width_last_edited=&#8221;on|phone&#8221; global_colors_info=&#8221;{}&#8221; theme_builder_area=&#8221;post_content&#8221;][\/et_pb_image][\/et_pb_column][\/et_pb_row][et_pb_row module_class=&#8221;tbvs-inline-button-center&#8221; _builder_version=&#8221;4.18.0&#8243; _module_preset=&#8221;default&#8221; max_width=&#8221;750px&#8221; custom_margin=&#8221;0px||0px||true|false&#8221; custom_padding=&#8221;||13px|||&#8221; global_colors_info=&#8221;{}&#8221; theme_builder_area=&#8221;post_content&#8221;][et_pb_column type=&#8221;4_4&#8243; _builder_version=&#8221;4.16&#8243; _module_preset=&#8221;default&#8221; global_colors_info=&#8221;{}&#8221; theme_builder_area=&#8221;post_content&#8221;][et_pb_text quote_border_color=&#8221;#cf649d&#8221; _builder_version=&#8221;4.27.4&#8243; _module_preset=&#8221;default&#8221; text_font=&#8221;Open Sans||||||||&#8221; text_font_size=&#8221;16px&#8221; custom_padding=&#8221;1px||0px|||&#8221; global_colors_info=&#8221;{}&#8221; theme_builder_area=&#8221;post_content&#8221;]<\/p>\n<p>AOSP-A Akut Omh\u00e4ndertagande av Sj\u00e4lvmordsn\u00e4ra Person &#8211; f\u00f6r Allm\u00e4nheten.<\/p>\n<p>Tanken med utbildningen \u00e4r att h\u00f6ja er kunskapsniv\u00e5 inom psykisk h\u00e4lsa och utbilda medm\u00e4nniskan att hantera en person i akut kris. Tidigare gavs den h\u00e4r utbildningen endast till bl\u00e5sljuspersonal men det h\u00e4r \u00e4r nu en m\u00f6jlighet att utbilda \u00e4ven meborgaren\/medm\u00e4nniskan att f\u00e5nga upp och livr\u00e4dda i en krissituation.\u00a0<\/p>\n<p>Kursen \u00e4r 8h och kan f\u00f6rdelas p\u00e5 en heldag eller tv\u00e5 halvdagar. Inneh\u00e5llet leveras i f\u00f6rel\u00e4sningsform men \u00e4ven unika filmer, verkliga case, rollspel och diskussioner.<\/p>\n<p>Kursen AOSP \u00e4r framtagen av NASP, vilka \u00e4ven f\u00f6rvaltar och tillhandah\u00e5ller allt utbildningsmaterial. NASP st\u00e5r f\u00f6r NAtionellt centrum f\u00f6r Suicidforskning och Prevention.<\/p>\n<p>&nbsp;<\/p>\n<p>\u2705 <strong>Visste ni att?<\/strong> Always Mind \u00e4r godk\u00e4nd av Afa f\u00f6rs\u00e4kringar som en av deras utbildningsanordnare inom arbetsmilj\u00f6! Det inneb\u00e4r att ni som f\u00f6retag inom privata sektorn har m\u00f6jlighet att s\u00f6ka finansiering n\u00e4r ni vill genomf\u00f6ra en heldag inom \u00e4mnet psykisk h\u00e4lsa f\u00f6r era chefer, skydds- och arbetsmilj\u00f6ombud. Mer information finner ni <a href=\"https:\/\/www.afaforsakring.se\/anslutna-utbildningsanordnare?query=Always%20Mind%20AB\">h\u00e4r<\/a>.<\/p>\n<p>[\/et_pb_text][\/et_pb_column][\/et_pb_row][et_pb_row column_structure=&#8221;1_2,1_2&#8243; _builder_version=&#8221;4.25.2&#8243; _module_preset=&#8221;default&#8221; max_width=&#8221;750px&#8221; global_colors_info=&#8221;{}&#8221; theme_builder_area=&#8221;post_content&#8221;][et_pb_column type=&#8221;1_2&#8243; _builder_version=&#8221;4.25.2&#8243; _module_preset=&#8221;default&#8221; global_colors_info=&#8221;{}&#8221; theme_builder_area=&#8221;post_content&#8221;][et_pb_image src=&#8221;https:\/\/alwaysmind.se\/wp-content\/uploads\/2025\/03\/image000001.jpeg&#8221; title_text=&#8221;image000001&#8243; align=&#8221;center&#8221; _builder_version=&#8221;4.27.4&#8243; _module_preset=&#8221;default&#8221; transform_rotate=&#8221;0deg|0deg|2deg&#8221; width_tablet=&#8221;&#8221; width_phone=&#8221;&#8221; width_last_edited=&#8221;on|phone&#8221; max_width=&#8221;90%&#8221; border_width_all=&#8221;16px&#8221; border_color_all=&#8221;#FFFFFF&#8221; box_shadow_style=&#8221;preset1&#8243; global_colors_info=&#8221;{}&#8221; theme_builder_area=&#8221;post_content&#8221;][\/et_pb_image][\/et_pb_column][et_pb_column type=&#8221;1_2&#8243; _builder_version=&#8221;4.25.2&#8243; _module_preset=&#8221;default&#8221; global_colors_info=&#8221;{}&#8221; theme_builder_area=&#8221;post_content&#8221;][et_pb_image src=&#8221;https:\/\/alwaysmind.se\/wp-content\/uploads\/2025\/03\/IMG_2364-scaled.jpeg&#8221; title_text=&#8221;IMG_2364&#8243; align=&#8221;center&#8221; _builder_version=&#8221;4.27.4&#8243; _module_preset=&#8221;default&#8221; transform_rotate=&#8221;0deg|0deg|2deg&#8221; width_tablet=&#8221;&#8221; width_phone=&#8221;&#8221; width_last_edited=&#8221;on|phone&#8221; max_width=&#8221;90%&#8221; border_width_all=&#8221;16px&#8221; border_color_all=&#8221;#FFFFFF&#8221; box_shadow_style=&#8221;preset1&#8243; global_colors_info=&#8221;{}&#8221; theme_builder_area=&#8221;post_content&#8221;][\/et_pb_image][\/et_pb_column][\/et_pb_row][et_pb_row _builder_version=&#8221;4.22.1&#8243; _module_preset=&#8221;default&#8221; width=&#8221;100%&#8221; max_width=&#8221;750px&#8221; custom_margin=&#8221;10px|auto||auto|false|false&#8221; custom_padding=&#8221;40px||7px||false|false&#8221; global_colors_info=&#8221;{}&#8221; theme_builder_area=&#8221;post_content&#8221;][et_pb_column type=&#8221;4_4&#8243; _builder_version=&#8221;4.22.1&#8243; _module_preset=&#8221;default&#8221; global_colors_info=&#8221;{}&#8221; theme_builder_area=&#8221;post_content&#8221;][et_pb_divider color=&#8221;#000000&#8243; divider_weight=&#8221;2px&#8221; _builder_version=&#8221;4.25.0&#8243; _module_preset=&#8221;default&#8221; width=&#8221;100%&#8221; module_alignment=&#8221;center&#8221; global_colors_info=&#8221;{}&#8221; theme_builder_area=&#8221;post_content&#8221;][\/et_pb_divider][\/et_pb_column][\/et_pb_row][\/et_pb_section][et_pb_section fb_built=&#8221;1&#8243; admin_label=&#8221;TBVS &#8211; Light &#8211; Header 13&#8243; module_class=&#8221;tbvs-section-light&#8221; _builder_version=&#8221;4.23.4&#8243; _module_preset=&#8221;default&#8221; min_height=&#8221;90vh&#8221; custom_margin=&#8221;0px||||false|false&#8221; custom_padding=&#8221;0px||||false|false&#8221; custom_css_main_element=&#8221;display: flex;||flex-direction: column;||justify-content: center;&#8221; global_colors_info=&#8221;{}&#8221; theme_builder_area=&#8221;post_content&#8221;][et_pb_row module_class=&#8221;tbvs-inline-button-center&#8221; _builder_version=&#8221;4.22.1&#8243; _module_preset=&#8221;default&#8221; max_width=&#8221;750px&#8221; custom_margin=&#8221;0px||0px||true|false&#8221; custom_padding=&#8221;0px||0px||false|false&#8221; global_colors_info=&#8221;{}&#8221; theme_builder_area=&#8221;post_content&#8221;][et_pb_column type=&#8221;4_4&#8243; _builder_version=&#8221;4.16&#8243; _module_preset=&#8221;default&#8221; global_colors_info=&#8221;{}&#8221; theme_builder_area=&#8221;post_content&#8221;][et_pb_text _builder_version=&#8221;4.22.1&#8243; _module_preset=&#8221;default&#8221; header_font=&#8221;Barlow Condensed|700||on|||||&#8221; header_text_color=&#8221;#181818&#8243; header_font_size=&#8221;80px&#8221; header_letter_spacing=&#8221;-2px&#8221; header_line_height=&#8221;1.1em&#8221; text_orientation=&#8221;center&#8221; custom_margin=&#8221;||0px||false|false&#8221; custom_padding=&#8221;||0px||false|false&#8221; header_font_size_tablet=&#8221;80px&#8221; header_font_size_phone=&#8221;48px&#8221; header_font_size_last_edited=&#8221;on|phone&#8221; global_colors_info=&#8221;{}&#8221; theme_builder_area=&#8221;post_content&#8221;]<\/p>\n<h1 style=\"text-align: center;\">\u00c4r du intresserad<\/h1>\n<p>[\/et_pb_text][et_pb_text _builder_version=&#8221;4.22.2&#8243; _module_preset=&#8221;default&#8221; text_font=&#8221;Barlow Condensed|700||on|||||&#8221; text_text_color=&#8221;#cf639d&#8221; text_font_size=&#8221;38px&#8221; text_line_height=&#8221;1.1em&#8221; header_3_font=&#8221;Montserrat|800|||||||&#8221; header_3_text_color=&#8221;#181818&#8243; header_3_font_size=&#8221;20px&#8221; header_3_line_height=&#8221;1.1em&#8221; text_orientation=&#8221;center&#8221; custom_margin=&#8221;0px||40px||false|false&#8221; custom_padding=&#8221;0px||0px||false|false&#8221; global_colors_info=&#8221;{}&#8221; theme_builder_area=&#8221;post_content&#8221;]<\/p>\n<p>Fyll i FORMUL\u00c4RET och skicka den till oss<\/p>\n<p>[\/et_pb_text][\/et_pb_column][\/et_pb_row][et_pb_row module_id=&#8221;talong&#8221; module_class=&#8221;tbvs-inline-button-center&#8221; _builder_version=&#8221;4.23.4&#8243; _module_preset=&#8221;default&#8221; max_width=&#8221;750px&#8221; custom_margin=&#8221;0px||0px||true|false&#8221; custom_padding=&#8221;34px|33px|34px|33px|true|true&#8221; border_radii=&#8221;on|20px|20px|20px|20px&#8221; border_width_all=&#8221;1px&#8221; border_color_all=&#8221;rgba(0,0,0,0.15)&#8221; box_shadow_style=&#8221;preset2&#8243; global_colors_info=&#8221;{}&#8221; theme_builder_area=&#8221;post_content&#8221;][et_pb_column type=&#8221;4_4&#8243; _builder_version=&#8221;4.16&#8243; _module_preset=&#8221;default&#8221; global_colors_info=&#8221;{}&#8221; theme_builder_area=&#8221;post_content&#8221;][et_pb_contact_form email=&#8221;kontakt@alwaysmind.se&#8221; success_message=&#8221;Heja dig som \u00e4r intresserad av att arbeta med den psykiska h\u00e4lsan! Vi h\u00f6r av oss s\u00e5 snart vi bara kan. \u00d6nskar dig en fantastisk dag!  \/\/Always Mind-teamet &#8221; admin_label=&#8221;Kontaktformul\u00e4r&#8221; _builder_version=&#8221;4.27.6&#8243; _module_preset=&#8221;default&#8221; _unique_id=&#8221;e664e0e1-d78a-40e1-bff5-087597865414&#8243; form_field_background_color=&#8221;rgba(207,99,157,0.1)&#8221; form_field_text_color=&#8221;#000000&#8243; captcha_font=&#8221;Open Sans|600|||||||&#8221; captcha_font_size=&#8221;16px&#8221; form_field_font=&#8221;Open Sans||||||||&#8221; form_field_font_size=&#8221;16px&#8221; custom_button=&#8221;on&#8221; button_text_size=&#8221;18px&#8221; button_text_color=&#8221;#FFFFFF&#8221; button_bg_color=&#8221;#cf639d&#8221; button_border_width=&#8221;0px&#8221; button_border_radius=&#8221;6px&#8221; button_font=&#8221;Barlow Condensed|700||on|||||&#8221; button_custom_padding=&#8221;6px|20px|6px|20px|true|true&#8221; box_shadow_style_button=&#8221;preset2&#8243; global_module=&#8221;3547&#8243; global_colors_info=&#8221;{}&#8221; theme_builder_area=&#8221;post_content&#8221;][et_pb_contact_field field_id=&#8221;F\u00f6retag&#8221; field_title=&#8221;F\u00f6retag&#8221; fullwidth_field=&#8221;on&#8221; _builder_version=&#8221;4.22.2&#8243; _module_preset=&#8221;default&#8221; global_colors_info=&#8221;{}&#8221; theme_builder_area=&#8221;post_content&#8221;][\/et_pb_contact_field][et_pb_contact_field field_id=&#8221;E-mail&#8221; field_title=&#8221;E-mail&#8221; field_type=&#8221;email&#8221; fullwidth_field=&#8221;on&#8221; _builder_version=&#8221;4.22.2&#8243; _module_preset=&#8221;default&#8221; global_colors_info=&#8221;{}&#8221; theme_builder_area=&#8221;post_content&#8221;][\/et_pb_contact_field][et_pb_contact_field field_id=&#8221;Kontaktperson&#8221; field_title=&#8221;Kontaktperson&#8221; fullwidth_field=&#8221;on&#8221; _builder_version=&#8221;4.22.2&#8243; _module_preset=&#8221;default&#8221; global_colors_info=&#8221;{}&#8221; theme_builder_area=&#8221;post_content&#8221;][\/et_pb_contact_field][et_pb_contact_field field_id=&#8221;Phone&#8221; field_title=&#8221;Telefon&#8221; allowed_symbols=&#8221;numbers&#8221; fullwidth_field=&#8221;on&#8221; _builder_version=&#8221;4.22.1&#8243; _module_preset=&#8221;default&#8221; global_colors_info=&#8221;{}&#8221; theme_builder_area=&#8221;post_content&#8221;][\/et_pb_contact_field][et_pb_contact_field field_id=&#8221;Message&#8221; field_title=&#8221;Meddelande&#8221; field_type=&#8221;text&#8221; fullwidth_field=&#8221;on&#8221; _builder_version=&#8221;4.22.1&#8243; global_colors_info=&#8221;{}&#8221; button_text_size__hover_enabled=&#8221;off&#8221; button_one_text_size__hover_enabled=&#8221;off&#8221; button_two_text_size__hover_enabled=&#8221;off&#8221; button_text_color__hover_enabled=&#8221;off&#8221; button_one_text_color__hover_enabled=&#8221;off&#8221; button_two_text_color__hover_enabled=&#8221;off&#8221; button_border_width__hover_enabled=&#8221;off&#8221; button_one_border_width__hover_enabled=&#8221;off&#8221; button_two_border_width__hover_enabled=&#8221;off&#8221; button_border_color__hover_enabled=&#8221;off&#8221; button_one_border_color__hover_enabled=&#8221;off&#8221; button_two_border_color__hover_enabled=&#8221;off&#8221; button_border_radius__hover_enabled=&#8221;off&#8221; button_one_border_radius__hover_enabled=&#8221;off&#8221; button_two_border_radius__hover_enabled=&#8221;off&#8221; button_letter_spacing__hover_enabled=&#8221;off&#8221; button_one_letter_spacing__hover_enabled=&#8221;off&#8221; button_two_letter_spacing__hover_enabled=&#8221;off&#8221; button_bg_color__hover_enabled=&#8221;off&#8221; button_one_bg_color__hover_enabled=&#8221;off&#8221; button_two_bg_color__hover_enabled=&#8221;off&#8221; field_title__hover_enabled=&#8221;on|desktop&#8221; field_title__hover=&#8221;Meddelande&#8221; theme_builder_area=&#8221;post_content&#8221;][\/et_pb_contact_field][et_pb_contact_field field_id=&#8221;Vi_\u00e4r_intresserade_av&#8221; field_title=&#8221;Jag \u00e4r intresserad av:&#8221; field_type=&#8221;checkbox&#8221; checkbox_options=&#8221;%91{%22value%22:%221. F\u00f6rel\u00e4sningar%22,%22checked%22:0,%22dragID%22:-1},{%22value%22:%222. Psykisk f\u00f6rsta hj\u00e4lpen-tavla%22,%22checked%22:0,%22dragID%22:0},{%22value%22:%223. Utbildning Tr\u00e4ningspass i psykisk h\u00e4lsa%22,%22checked%22:0,%22dragID%22:1},{%22value%22:%224. Licens Tr\u00e4ningspass i psykisk h\u00e4lsa%22,%22checked%22:0,%22dragID%22:2},{%22value%22:%225. Utbildning MHFA %92%22F\u00f6rsta hj\u00e4lpen till Psykisk h\u00e4lsa%92%22 (Mental Health First Aid) KI%22,%22checked%22:0,%22dragID%22:3},{%22value%22:%226. Utbildning AOSP-A (Akut omh\u00e4ndertagande av sj\u00e4lvmordsn\u00e4ra person) KI%22,%22checked%22:0,%22dragID%22:4},{%22value%22:%227. Filmer%22,%22checked%22:0,%22dragID%22:5},{%22value%22:%228. Kort%22,%22checked%22:0,%22dragID%22:6},{%22value%22:%229. B\u00f6cker%22,%22checked%22:0,%22dragID%22:7},{%22value%22:%2210. Annat?%22,%22checked%22:0,%22dragID%22:8}%93&#8243; required_mark=&#8221;off&#8221; fullwidth_field=&#8221;on&#8221; _builder_version=&#8221;4.27.6&#8243; _module_preset=&#8221;default&#8221; border_width_all=&#8221;1px&#8221; global_colors_info=&#8221;{}&#8221; theme_builder_area=&#8221;post_content&#8221;][\/et_pb_contact_field][et_pb_contact_field field_id=&#8221;samtycke&#8221; field_title=&#8221;GDPR &#8211; samtycke&#8221; field_type=&#8221;checkbox&#8221; checkbox_options=&#8221;%91{%22value%22:%22Jag godk\u00e4nner att uppgifter jag l\u00e4mnar kan behandlas enligt Always Minds integritetspolicy%22,%22checked%22:0,%22dragID%22:-1}%93&#8243; fullwidth_field=&#8221;on&#8221; _builder_version=&#8221;4.27.4&#8243; _module_preset=&#8221;default&#8221; global_colors_info=&#8221;{}&#8221; theme_builder_area=&#8221;post_content&#8221;][\/et_pb_contact_field][\/et_pb_contact_form][\/et_pb_column][\/et_pb_row][\/et_pb_section]<\/p>\n","protected":false},"excerpt":{"rendered":"<p>UtbildningarAOSP-Allm\u00e4nhetenAOSP-A Akut Omh\u00e4ndertagande av Sj\u00e4lvmordsn\u00e4ra Person &#8211; f\u00f6r Allm\u00e4nheten. Tanken med utbildningen \u00e4r att h\u00f6ja er kunskapsniv\u00e5 inom psykisk h\u00e4lsa och utbilda medm\u00e4nniskan att hantera en person i akut kris. Tidigare gavs den h\u00e4r utbildningen endast till bl\u00e5sljuspersonal men det h\u00e4r \u00e4r nu en m\u00f6jlighet att utbilda \u00e4ven meborgaren\/medm\u00e4nniskan att f\u00e5nga upp och livr\u00e4dda i [&hellip;]<\/p>\n","protected":false},"author":4,"featured_media":0,"parent":0,"menu_order":0,"comment_status":"closed","ping_status":"closed","template":"","meta":{"_et_pb_use_builder":"on","_et_pb_old_content":"","_et_gb_content_width":"","footnotes":""},"class_list":["post-4112","page","type-page","status-publish","hentry"],"yoast_head":"<!-- This site is optimized with the Yoast SEO plugin v27.4 - https:\/\/yoast.com\/product\/yoast-seo-wordpress\/ -->\n<title>Utbildning AOSP Allm\u00e4nheten - Always Mind<\/title>\n<meta name=\"robots\" content=\"index, follow, max-snippet:-1, max-image-preview:large, max-video-preview:-1\" \/>\n<link rel=\"canonical\" href=\"https:\/\/alwaysmind.se\/en\/utbildning-aosp-allmanheten\/\" \/>\n<meta property=\"og:locale\" content=\"en_GB\" \/>\n<meta property=\"og:type\" content=\"article\" \/>\n<meta property=\"og:title\" content=\"Utbildning AOSP Allm\u00e4nheten - Always Mind\" \/>\n<meta property=\"og:description\" content=\"UtbildningarAOSP-Allm\u00e4nhetenAOSP-A Akut Omh\u00e4ndertagande av Sj\u00e4lvmordsn\u00e4ra Person - f\u00f6r Allm\u00e4nheten. Tanken med utbildningen \u00e4r att h\u00f6ja er kunskapsniv\u00e5 inom psykisk h\u00e4lsa och utbilda medm\u00e4nniskan att hantera en person i akut kris. Tidigare gavs den h\u00e4r utbildningen endast till bl\u00e5sljuspersonal men det h\u00e4r \u00e4r nu en m\u00f6jlighet att utbilda \u00e4ven meborgaren\/medm\u00e4nniskan att f\u00e5nga upp och livr\u00e4dda i [&hellip;]\" \/>\n<meta property=\"og:url\" content=\"https:\/\/alwaysmind.se\/en\/utbildning-aosp-allmanheten\/\" \/>\n<meta property=\"og:site_name\" content=\"Always Mind\" \/>\n<meta property=\"article:modified_time\" content=\"2026-04-18T13:55:54+00:00\" \/>\n<meta name=\"twitter:card\" content=\"summary_large_image\" \/>\n<script type=\"application\/ld+json\" class=\"yoast-schema-graph\">{\"@context\":\"https:\\\/\\\/schema.org\",\"@graph\":[{\"@type\":\"WebPage\",\"@id\":\"https:\\\/\\\/alwaysmind.se\\\/utbildning-aosp-allmanheten\\\/\",\"url\":\"https:\\\/\\\/alwaysmind.se\\\/utbildning-aosp-allmanheten\\\/\",\"name\":\"Utbildning AOSP Allm\u00e4nheten - Always Mind\",\"isPartOf\":{\"@id\":\"https:\\\/\\\/alwaysmind.se\\\/#website\"},\"datePublished\":\"2026-04-18T13:55:44+00:00\",\"dateModified\":\"2026-04-18T13:55:54+00:00\",\"breadcrumb\":{\"@id\":\"https:\\\/\\\/alwaysmind.se\\\/utbildning-aosp-allmanheten\\\/#breadcrumb\"},\"inLanguage\":\"en-GB\",\"potentialAction\":[{\"@type\":\"ReadAction\",\"target\":[\"https:\\\/\\\/alwaysmind.se\\\/utbildning-aosp-allmanheten\\\/\"]}]},{\"@type\":\"BreadcrumbList\",\"@id\":\"https:\\\/\\\/alwaysmind.se\\\/utbildning-aosp-allmanheten\\\/#breadcrumb\",\"itemListElement\":[{\"@type\":\"ListItem\",\"position\":1,\"name\":\"Hem\",\"item\":\"https:\\\/\\\/alwaysmind.se\\\/\"},{\"@type\":\"ListItem\",\"position\":2,\"name\":\"Utbildning AOSP Allm\u00e4nheten\"}]},{\"@type\":\"WebSite\",\"@id\":\"https:\\\/\\\/alwaysmind.se\\\/#website\",\"url\":\"https:\\\/\\\/alwaysmind.se\\\/\",\"name\":\"Always Mind\",\"description\":\"Psykisk h\u00e4lsa hela \u00e5ret\",\"potentialAction\":[{\"@type\":\"SearchAction\",\"target\":{\"@type\":\"EntryPoint\",\"urlTemplate\":\"https:\\\/\\\/alwaysmind.se\\\/?s={search_term_string}\"},\"query-input\":{\"@type\":\"PropertyValueSpecification\",\"valueRequired\":true,\"valueName\":\"search_term_string\"}}],\"inLanguage\":\"en-GB\"}]}<\/script>\n<!-- \/ Yoast SEO plugin. -->","yoast_head_json":{"title":"Utbildning AOSP Allm\u00e4nheten - Always Mind","robots":{"index":"index","follow":"follow","max-snippet":"max-snippet:-1","max-image-preview":"max-image-preview:large","max-video-preview":"max-video-preview:-1"},"canonical":"https:\/\/alwaysmind.se\/en\/utbildning-aosp-allmanheten\/","og_locale":"en_GB","og_type":"article","og_title":"Utbildning AOSP Allm\u00e4nheten - Always Mind","og_description":"UtbildningarAOSP-Allm\u00e4nhetenAOSP-A Akut Omh\u00e4ndertagande av Sj\u00e4lvmordsn\u00e4ra Person - f\u00f6r Allm\u00e4nheten. Tanken med utbildningen \u00e4r att h\u00f6ja er kunskapsniv\u00e5 inom psykisk h\u00e4lsa och utbilda medm\u00e4nniskan att hantera en person i akut kris. Tidigare gavs den h\u00e4r utbildningen endast till bl\u00e5sljuspersonal men det h\u00e4r \u00e4r nu en m\u00f6jlighet att utbilda \u00e4ven meborgaren\/medm\u00e4nniskan att f\u00e5nga upp och livr\u00e4dda i [&hellip;]","og_url":"https:\/\/alwaysmind.se\/en\/utbildning-aosp-allmanheten\/","og_site_name":"Always Mind","article_modified_time":"2026-04-18T13:55:54+00:00","twitter_card":"summary_large_image","schema":{"@context":"https:\/\/schema.org","@graph":[{"@type":"WebPage","@id":"https:\/\/alwaysmind.se\/utbildning-aosp-allmanheten\/","url":"https:\/\/alwaysmind.se\/utbildning-aosp-allmanheten\/","name":"Utbildning AOSP Allm\u00e4nheten - Always Mind","isPartOf":{"@id":"https:\/\/alwaysmind.se\/#website"},"datePublished":"2026-04-18T13:55:44+00:00","dateModified":"2026-04-18T13:55:54+00:00","breadcrumb":{"@id":"https:\/\/alwaysmind.se\/utbildning-aosp-allmanheten\/#breadcrumb"},"inLanguage":"en-GB","potentialAction":[{"@type":"ReadAction","target":["https:\/\/alwaysmind.se\/utbildning-aosp-allmanheten\/"]}]},{"@type":"BreadcrumbList","@id":"https:\/\/alwaysmind.se\/utbildning-aosp-allmanheten\/#breadcrumb","itemListElement":[{"@type":"ListItem","position":1,"name":"Hem","item":"https:\/\/alwaysmind.se\/"},{"@type":"ListItem","position":2,"name":"Utbildning AOSP Allm\u00e4nheten"}]},{"@type":"WebSite","@id":"https:\/\/alwaysmind.se\/#website","url":"https:\/\/alwaysmind.se\/","name":"Always Mind","description":"Psykisk h\u00e4lsa hela \u00e5ret","potentialAction":[{"@type":"SearchAction","target":{"@type":"EntryPoint","urlTemplate":"https:\/\/alwaysmind.se\/?s={search_term_string}"},"query-input":{"@type":"PropertyValueSpecification","valueRequired":true,"valueName":"search_term_string"}}],"inLanguage":"en-GB"}]}},"_links":{"self":[{"href":"https:\/\/alwaysmind.se\/en\/wp-json\/wp\/v2\/pages\/4112","targetHints":{"allow":["GET"]}}],"collection":[{"href":"https:\/\/alwaysmind.se\/en\/wp-json\/wp\/v2\/pages"}],"about":[{"href":"https:\/\/alwaysmind.se\/en\/wp-json\/wp\/v2\/types\/page"}],"author":[{"embeddable":true,"href":"https:\/\/alwaysmind.se\/en\/wp-json\/wp\/v2\/users\/4"}],"replies":[{"embeddable":true,"href":"https:\/\/alwaysmind.se\/en\/wp-json\/wp\/v2\/comments?post=4112"}],"version-history":[{"count":2,"href":"https:\/\/alwaysmind.se\/en\/wp-json\/wp\/v2\/pages\/4112\/revisions"}],"predecessor-version":[{"id":4115,"href":"https:\/\/alwaysmind.se\/en\/wp-json\/wp\/v2\/pages\/4112\/revisions\/4115"}],"wp:attachment":[{"href":"https:\/\/alwaysmind.se\/en\/wp-json\/wp\/v2\/media?parent=4112"}],"curies":[{"name":"wp","href":"https:\/\/api.w.org\/{rel}","templated":true}]}}